{"id":94,"date":"2013-11-06T11:56:21","date_gmt":"2013-11-06T09:56:21","guid":{"rendered":"http:\/\/v45836.1blu.de\/?page_id=94"},"modified":"2013-11-06T11:56:21","modified_gmt":"2013-11-06T09:56:21","slug":"c64-grundreinigung","status":"publish","type":"page","link":"https:\/\/c64-online.com\/?page_id=94","title":{"rendered":"C64 Grundreinigung"},"content":{"rendered":"<div>Jetzt hast Du Deinen C64 bereits seit vielen Jahren oder vielleicht gerade ein Ger\u00e4t erworben, welches z.B. durch Nikotin Verf\u00e4rbungen erlitten hat, oder unsch\u00f6ne Flecken z.B. Erfrischungsgert\u00e4nke an den Tasten erhielt. Oder aber die Tastatur funktioniert nicht mehr korrekt. Dieses sind ebenfalls meistens Verschmutzungen der Tastaturkontakte.<\/p>\n<p>Ich m\u00f6chte hier einmal zeigen, wie man solche Verschmutzungen entfernen kann, ohne die Substanz bzw. Beschriftung des C64 oder der Tasten zu zerst\u00f6ren.<\/p>\n<p>Zun\u00e4chst widmen wir uns den Tasten. Diese kannst Du vorsichtig mit einem Schraubendreher abhebeln. Am besten gelingt es, wenn Du mit Daumen und Zeigefinger auf einer Seite der Taste von oben ein wenig gegendr\u00fcckst, w\u00e4hrend Du auf der anderen Seite vorsichtig mit dem Schraubendreher die Taste nach oben hebelst. Achte darauf, dass die Taste beim abhebeln sich nicht verkantet. Ansonsten ist evtl. der Stift auf dem die Taste sitzt verbogen.<\/p><\/div>\n<div><\/div>\n<div><img loading=\"lazy\" decoding=\"async\" class=\"aligncenter\" alt=\"\" src=\"https:\/\/c64-online.com\/files\/C64-Dokus\/Anleitungen\/c64alt_taste1.jpg\" width=\"359\" height=\"276\" \/><\/div>\n<div><\/div>\n<div>Unter den Tasten sitzt ein Stiftsockel, auf dem die Taste aufgesteckt ist mit einer Spiralfeder:<\/div>\n<div><\/div>\n<div><img loading=\"lazy\" decoding=\"async\" class=\"aligncenter\" alt=\"\" src=\"https:\/\/c64-online.com\/files\/C64-Dokus\/Anleitungen\/c64alt_taste2.jpg\" width=\"361\" height=\"216\" \/><\/div>\n<div><\/div>\n<div>Es hat sich als sehr wirkungsvoll erwiesen, die Tasten in warmes Wasser mit ein Wenig Sp\u00fclmittel &#8222;einzulegen&#8220;. So kann sich der Dreck (Fett, Zucker etc.) am besten l\u00f6sen und man hat keine Arbeit damit. Wenn das Wasser kalt ist, dann kannst Du die Tasten wieder herausnehmen. Sollten noch Verschmutzungen vorhanden sein, kannst Du mit einer Handb\u00fcrste diese abschrubben. Aber bitte keinen Scheuerschwamm verwenden. Dieser kann die Beschriftung der Tasten angreifen! Sind die Tasten noch verf\u00e4rbt (Nikotin o.\u00e4.) dann lassen sich diese auf die gleiche Weise wie beim Geh\u00e4use (siehe weiter unten) entfernen.<\/p>\n<p>Wir kommen jetzt zum Inneren des C64. Hierf\u00fcr schrauben wir das Geh\u00e4use auf und entnehmen das Oberteil des Geh\u00e4uses:<\/p><\/div>\n<div><\/div>\n<div><img loading=\"lazy\" decoding=\"async\" class=\"aligncenter\" alt=\"\" src=\"https:\/\/c64-online.com\/files\/C64-Dokus\/Anleitungen\/c64alt1.jpg\" width=\"420\" height=\"260\" \/><\/div>\n<div><\/div>\n<div>Beim &#8222;Aufklappen&#8220; des Geh\u00e4uses ist jedoch ein wenig Vorsicht geboten. Zwei Kabel (Power-LED und Tastatur) gehen von der Geh\u00e4useoberseite auf das Board. Diese Stecker vorsichtig abziehen, dann kannst Du die Oberseite verkehrt herum auf den Tisch legen. Du siehst jetzt eine braune Platte mit vielen kleinen Schrauben. Diese Schrauben halten die Kontaktplatte und die Aufnahme der Tasten mit dem Geh\u00e4use zusammen. Zuerst musst Du aber die beiden Zuleitungen der SHIFT-LOCK Taste l\u00f6sen (siehe rechts den wei\u00dfen Sockel). Hierzu brauchst Du nur einen normalen L\u00f6tkolben. L\u00f6se nun alle Schrauben (am besten mit einem Feinmechaniker-Schraubendreher) und Du kannst vorsichtig diese braune Platte nach oben abnehmen:<\/div>\n<div><\/div>\n<div><img loading=\"lazy\" decoding=\"async\" class=\"aligncenter\" alt=\"\" src=\"https:\/\/c64-online.com\/files\/C64-Dokus\/Anleitungen\/c64alt3.jpg\" width=\"410\" height=\"219\" \/><\/div>\n<div><\/div>\n<p>Wenn Du diese Platte entnommen hast, dann hast Du direkten Blick auf die Kontakte der Stiftsockel. Diese kann man mit einem fusselfreien Tuch und ein wenig Alkohol vorsichtig reinigen. Au\u00dferdem solltest Du auf der R\u00fcckseite der braunen Kontaktplatte die Kontakte alle mit den gleichen Utensilien reinigen. Danach werden alle Tasten wieder funktionieren, als w\u00e4ren Sie neu. Ausnahme ist nat\u00fcrlich, wenn die Kontaktplatte einen Leiterbahnenbruch bzw. Haarriss erlitten hat. Dieses ist allerdings eher selten der Fall.<\/p>\n<p>Nachdem nun alle Tasten wieder funktionieren sollten, m\u00fcssen wir nur noch alle unsch\u00f6nen Flecken entfernen. Hierf\u00fcr empfehle ich das Reinigungsmittel &#8222;SWIPE&#8220; von der Firma Christian Hartig GmbH. Durch Zufall hatte ich es entdeckt und habe seither viele Ger\u00e4te damit gereinigt. Selbst Nikotinverf\u00e4rbungen von mehreren Jahren lassen sich fast m\u00fchelos abwischen! Bestellen kannst Du das Mittel hier: <a href=\"http:\/\/www.service-tools.de\" target=\"_blank\">http:\/\/www.service-tools.de<\/a>.<\/p>\n<p>Dieses Mittel tr\u00e4gst Du auf einen fusselfreien Lappen auf und wischt einfach \u00fcber die zu reinigende Fl\u00e4che. VORSICHT ist bei Klebeschildern und Typenschildern geboten!!! Diese sind nicht so best\u00e4ndig bedruckt, dass sie den Reiniger widerstehen k\u00f6nnten!!!<\/p>\n<p>Mit Swipe lassen sich aber trotzdem auch die Tasten reinigen. Zumindest haben die von mir gereinigten Modelle die Tastaturbeschriftung behalten. Ich gebe aber nat\u00fcrlich KEINE Gew\u00e4hr daf\u00fcr. Du solltest ansonsten einmal vorsichtig an einer nicht so sehr sichtbaren stelle vorab testen.<\/p>\n<p>Es sei noch erw\u00e4hnt, dass sich Vergilbungen z.B. durch Sonneneinstrahlung nicht entfernen lassen. Diese Vergilbungen dringen meistens so tief in den Kunststoff ein, dass sie sich nur durch abtragen der obersten Kunststoffschicht entfernen lassen. Ich habe einmal mit einem L\u00f6semittel Versuche gestartet. Allerdings geht dabei nat\u00fcrlich auch die raue Struktur des Geh\u00e4uses verloren. Dieses f\u00e4llt dann eigentlich genauso stark auf, wie die Vergilbung.<\/p>\n","protected":false},"excerpt":{"rendered":"<p>Jetzt hast Du Deinen C64 bereits seit vielen Jahren oder vielleicht gerade ein Ger\u00e4t erworben, welches z.B. durch Nikotin Verf\u00e4rbungen erlitten hat, oder unsch\u00f6ne Flecken z.B. Erfrischungsgert\u00e4nke an den Tasten erhielt. Oder aber die Tastatur funktioniert nicht mehr korrekt. Dieses sind ebenfalls meistens Verschmutzungen der Tastaturkontakte. Ich m\u00f6chte hier einmal zeigen, wie man solche Verschmutzungen &#8230;<\/p>\n<p><a href=\"https:\/\/c64-online.com\/?page_id=94\" class=\"more-link\">Continue reading &lsquo;C64 Grundreinigung&rsquo; &raquo;<\/a><\/p>\n","protected":false},"author":1,"featured_media":0,"parent":87,"menu_order":2,"comment_status":"open","ping_status":"open","template":"","meta":{"footnotes":""},"class_list":["post-94","page","type-page","status-publish","hentry"],"_links":{"self":[{"href":"https:\/\/c64-online.com\/index.php?rest_route=\/wp\/v2\/pages\/94","targetHints":{"allow":["GET"]}}],"collection":[{"href":"https:\/\/c64-online.com\/index.php?rest_route=\/wp\/v2\/pages"}],"about":[{"href":"https:\/\/c64-online.com\/index.php?rest_route=\/wp\/v2\/types\/page"}],"author":[{"embeddable":true,"href":"https:\/\/c64-online.com\/index.php?rest_route=\/wp\/v2\/users\/1"}],"replies":[{"embeddable":true,"href":"https:\/\/c64-online.com\/index.php?rest_route=%2Fwp%2Fv2%2Fcomments&post=94"}],"version-history":[{"count":0,"href":"https:\/\/c64-online.com\/index.php?rest_route=\/wp\/v2\/pages\/94\/revisions"}],"up":[{"embeddable":true,"href":"https:\/\/c64-online.com\/index.php?rest_route=\/wp\/v2\/pages\/87"}],"wp:attachment":[{"href":"https:\/\/c64-online.com\/index.php?rest_route=%2Fwp%2Fv2%2Fmedia&parent=94"}],"curies":[{"name":"wp","href":"https:\/\/api.w.org\/{rel}","templated":true}]}}