{"id":89,"date":"2013-11-06T11:53:31","date_gmt":"2013-11-06T09:53:31","guid":{"rendered":"http:\/\/v45836.1blu.de\/?page_id=89"},"modified":"2013-11-06T11:53:31","modified_gmt":"2013-11-06T09:53:31","slug":"die-schnittstellen","status":"publish","type":"page","link":"https:\/\/c64-online.com\/?page_id=89","title":{"rendered":"Die Schnittstellen"},"content":{"rendered":"<div>Auf dieser Seite sind alle Daten-Schnittstellen beschrieben. Die Daten wurden aus dem originalen Commodore Handbuch f\u00fcr den C64 entnommen. F\u00fcr die Richtigkeit oder Vollst\u00e4ndigkeit kann ich leider keine Gew\u00e4hr \u00fcbernehmen. F\u00fcr Sch\u00e4den die durch die Verwendung dieser Daten resultieren, wird nicht gehafetet!<\/div>\n<div><\/div>\n<hr \/>\n<p><strong><br \/>\nControl Ports (Anschlu\u00df f\u00fcr Joystick, Maus, etc.)<\/strong><\/p>\n<p><img loading=\"lazy\" decoding=\"async\" class=\"aligncenter\" alt=\"\" src=\"https:\/\/c64-online.com\/files\/C64-Dokus\/Schnittstellen\/control.jpg\" width=\"160\" height=\"85\" \/><\/p>\n<table style=\"width: 700px;\" border=\"1\" cellspacing=\"1\" cellpadding=\"1\" align=\"center\">\n<thead>\n<tr>\n<th colspan=\"2\" scope=\"col\" bgcolor=\"#6699cc\" width=\"341\">Control Port 1<\/th>\n<th colspan=\"2\" scope=\"col\" bgcolor=\"#6699cc\" width=\"335\">Control Port 2<\/th>\n<\/tr>\n<\/thead>\n<tbody>\n<tr>\n<td align=\"center\" valign=\"top\" width=\"17\">1<br \/>\n2<br \/>\n3<br \/>\n4<br \/>\n5<br \/>\n6<br \/>\n7<br \/>\n8<br \/>\n9<\/td>\n<td valign=\"top\" width=\"324\">JOYA0<br \/>\nJOYA1<br \/>\nJOYA2<br \/>\nJOYA3<br \/>\nPOT AY **<br \/>\nBUTTON A\/LP *<br \/>\n+ 5V (max. 100mA)<br \/>\nGND<br \/>\nPOT AX **<\/td>\n<td align=\"center\" valign=\"top\" width=\"19\">1<br \/>\n2<br \/>\n3<br \/>\n4<br \/>\n5<br \/>\n6<br \/>\n7<br \/>\n8<br \/>\n9<\/td>\n<td width=\"316\">JOYB0<br \/>\nJOYB1<br \/>\nJOYB2<br \/>\nJOYB3<br \/>\nPOT BY<br \/>\nBUTTON B *<br \/>\n+ 5V (max. 100mA)<br \/>\nGND<br \/>\nPOT BX **<\/td>\n<\/tr>\n<\/tbody>\n<\/table>\n<p>&nbsp;<\/p>\n<hr \/>\n<p><strong>Modul-Steckplatz (Expansionsport)<\/strong><\/p>\n<p><strong><img loading=\"lazy\" decoding=\"async\" class=\"aligncenter\" alt=\"\" src=\"https:\/\/c64-online.com\/files\/C64-Dokus\/Schnittstellen\/expansion.jpg\" width=\"397\" height=\"77\" \/><\/strong><\/p>\n<table style=\"width: 700px;\" border=\"1\" cellspacing=\"1\" cellpadding=\"1\" align=\"center\">\n<tbody>\n<tr>\n<th colspan=\"4\" scope=\"col\" bgcolor=\"#6699cc\" width=\"341\">Expansionport<\/th>\n<\/tr>\n<tr>\n<td align=\"center\" valign=\"top\" width=\"17\">1<br \/>\n2<br \/>\n3<br \/>\n4<br \/>\n5<br \/>\n6<br \/>\n7<br \/>\n8<br \/>\n9<br \/>\n10<br \/>\n11<br \/>\n12<br \/>\n13<br \/>\n14<br \/>\n15<br \/>\n16<br \/>\n17<br \/>\n18<br \/>\n19<br \/>\n20<br \/>\n21<br \/>\n22<\/td>\n<td valign=\"top\" width=\"324\">GND<br \/>\n+ 5V<br \/>\n+ 5V<br \/>\n-IRQ-<br \/>\nCR\/-W-<br \/>\nDot Clock<br \/>\n-I\/O 1-<br \/>\n-GAME-<br \/>\n-EXROM-<br \/>\n-I\/O 2-<br \/>\n-ROML-<br \/>\nBA<br \/>\n-DMA-<br \/>\nCD7<br \/>\nCD6<br \/>\nCD5<br \/>\nCD4<br \/>\nCD3<br \/>\nCD2<br \/>\nCD1<br \/>\nCD0<br \/>\nGND<\/td>\n<td align=\"center\" valign=\"top\" width=\"19\">A<br \/>\nB<br \/>\nC<br \/>\nD<br \/>\nE<br \/>\nF<br \/>\nH<br \/>\nJ<br \/>\nK<br \/>\nL<br \/>\nM<br \/>\nN<br \/>\nP<br \/>\nR<br \/>\nS<br \/>\nT<br \/>\nU<br \/>\nV<br \/>\nW<br \/>\nX<br \/>\nY<br \/>\nZ<\/td>\n<td width=\"316\">GND<br \/>\n-ROMH-<br \/>\n-RESET-<br \/>\n-NMI-<br \/>\nO2<br \/>\nCA15<br \/>\nCA14<br \/>\nCA13<br \/>\nCA12<br \/>\nCA11<br \/>\nCA10<br \/>\nCA9<br \/>\nCA8<br \/>\nCA7<br \/>\nCA6<br \/>\nCA5<br \/>\nCA4<br \/>\nCA3<br \/>\nCA2<br \/>\nCA1<br \/>\nCA0<br \/>\nGND<\/td>\n<\/tr>\n<\/tbody>\n<\/table>\n<p>&nbsp;<\/p>\n<hr \/>\n<div>\n<strong>Audio\/Video Anschluss<\/strong><\/p>\n<p>F\u00fcr diesen Anschluss gibt es zwei Belegungspl\u00e4ne. Der linke ist die 5-polige DIN-Buchse der allerersten C64.<\/p>\n<p>Modelle. Sie wurde vom VC-20 \u00fcbernommen. Nach einigen Wochen wurde dann eine 8-polige DIN-Buchse (siehe rechts) eingesetzt, die zus\u00e4tzlich das Chrominanz-Signal liefert.<\/p><\/div>\n<div><\/div>\n<table style=\"width: 700px;\" border=\"1\" cellspacing=\"1\" cellpadding=\"1\" align=\"center\">\n<tbody>\n<tr>\n<th colspan=\"2\" scope=\"col\" bgcolor=\"#6699cc\" width=\"341\">\n<img loading=\"lazy\" decoding=\"async\" alt=\"\" src=\"https:\/\/c64-online.com\/files\/C64-Dokus\/Schnittstellen\/audiovideo_alt.jpg\" width=\"90\" height=\"90\" \/><\/th>\n<th colspan=\"2\" scope=\"col\" bgcolor=\"#6699cc\" width=\"335\"><img loading=\"lazy\" decoding=\"async\" alt=\"\" src=\"https:\/\/c64-online.com\/files\/C64-Dokus\/Schnittstellen\/audiovideo.jpg\" width=\"110\" height=\"90\" \/><\/th>\n<\/tr>\n<tr>\n<td align=\"center\" valign=\"top\" width=\"17\">1<br \/>\n2<br \/>\n3<br \/>\n4<br \/>\n5<\/td>\n<td valign=\"top\" width=\"324\">LUMINANZ<br \/>\nGND<br \/>\nAUDIO OUT<br \/>\nVIDEO OUT<br \/>\nAUDIO IN<\/td>\n<td align=\"center\" valign=\"top\" width=\"19\">1<br \/>\n2<br \/>\n3<br \/>\n4<br \/>\n5<br \/>\n6<br \/>\n7<br \/>\n8<\/td>\n<td width=\"316\">LUMINANZ<br \/>\nGND<br \/>\nAUDIO OUT<br \/>\nVIDEO OUT<br \/>\nAUDIO IN<br \/>\nCHROMINANZ<br \/>\nohne Belegung<br \/>\nohne Belegung<\/td>\n<\/tr>\n<\/tbody>\n<\/table>\n<hr \/>\n<p><strong>Serielle E\/A-Schnittstelle<\/strong><\/p>\n<p><img loading=\"lazy\" decoding=\"async\" class=\"aligncenter\" alt=\"\" src=\"https:\/\/c64-online.com\/files\/C64-Dokus\/Schnittstellen\/seriell.jpg\" width=\"90\" height=\"90\" \/><\/p>\n<table style=\"width: 400px; height: 93px;\" border=\"1\" cellspacing=\"1\" cellpadding=\"1\" align=\"center\">\n<tbody>\n<tr>\n<td align=\"center\" valign=\"top\" width=\"17\">1<br \/>\n2<br \/>\n3<br \/>\n4<br \/>\n5<br \/>\n6<\/td>\n<td valign=\"top\" width=\"383\">SERIAL -SRQIN-<br \/>\nGND<br \/>\nSERIAL ATN IN\/OUT<br \/>\nSERIAL CLK IN\/OUT<br \/>\nSERIAL DATA IN\/OUT<br \/>\n-RESET-<\/td>\n<\/tr>\n<\/tbody>\n<\/table>\n<p>&nbsp;<\/p>\n<hr \/>\n<p><strong>Datasetten-Anschluss<\/strong><\/p>\n<p><img loading=\"lazy\" decoding=\"async\" class=\"aligncenter\" alt=\"\" src=\"https:\/\/c64-online.com\/files\/C64-Dokus\/Schnittstellen\/datasette.jpg\" width=\"173\" height=\"77\" \/><\/p>\n<table style=\"width: 400px; height: 93px;\" border=\"1\" cellspacing=\"1\" cellpadding=\"1\" align=\"center\">\n<tbody>\n<tr>\n<td valign=\"top\" width=\"30\">A-1<br \/>\nB-2<br \/>\nC-3<br \/>\nD-4<br \/>\nE-5<br \/>\nF-6<\/td>\n<td valign=\"top\" width=\"370\">GND<br \/>\n+ 5V<br \/>\nCASSETTE MOTOR<br \/>\nCASSETTE READ<br \/>\nCASSETTE WRITE<br \/>\nCASSETTE SENSE<\/td>\n<\/tr>\n<\/tbody>\n<\/table>\n<p>&nbsp;<\/p>\n<hr \/>\n<p><strong>Userport<\/strong><\/p>\n<p><img loading=\"lazy\" decoding=\"async\" class=\"aligncenter\" alt=\"\" src=\"https:\/\/c64-online.com\/files\/C64-Dokus\/Schnittstellen\/userport.jpg\" width=\"265\" height=\"77\" \/><\/p>\n<table style=\"width: 700px;\" border=\"1\" cellspacing=\"1\" cellpadding=\"1\" align=\"center\">\n<tbody>\n<tr>\n<th colspan=\"4\" scope=\"col\" bgcolor=\"#6699cc\" width=\"341\">Userport<\/th>\n<\/tr>\n<tr>\n<td align=\"center\" valign=\"top\" width=\"17\">1<br \/>\n2<br \/>\n3<br \/>\n4<br \/>\n5<br \/>\n6<br \/>\n7<br \/>\n8<br \/>\n9<br \/>\n10<br \/>\n11<br \/>\n12<\/td>\n<td valign=\"top\" width=\"324\">GND<br \/>\n+5V<br \/>\n-RESET-<br \/>\nCNT1<br \/>\nSP1<br \/>\nCNT2<br \/>\nSP2<br \/>\n-PC2-<br \/>\nSERIAL ATN IN<br \/>\n9 VAC<br \/>\n9 VAC<br \/>\nGND<\/td>\n<td align=\"center\" valign=\"top\" width=\"19\">A<br \/>\nB<br \/>\nC<br \/>\nD<br \/>\nE<br \/>\nF<br \/>\nH<br \/>\nJ<br \/>\nK<br \/>\nL<br \/>\nM<br \/>\nN<\/td>\n<td width=\"316\">GND<br \/>\n-FLAG2-<br \/>\nPB0<br \/>\nPB1<br \/>\nPB2<br \/>\nPB3<br \/>\nPB4<br \/>\nPB5<br \/>\nPB6<br \/>\nPB7<br \/>\nPA2<br \/>\nGND<\/td>\n<\/tr>\n<\/tbody>\n<\/table>\n","protected":false},"excerpt":{"rendered":"<p>Auf dieser Seite sind alle Daten-Schnittstellen beschrieben. Die Daten wurden aus dem originalen Commodore Handbuch f\u00fcr den C64 entnommen. F\u00fcr die Richtigkeit oder Vollst\u00e4ndigkeit kann ich leider keine Gew\u00e4hr \u00fcbernehmen. F\u00fcr Sch\u00e4den die durch die Verwendung dieser Daten resultieren, wird nicht gehafetet! Control Ports (Anschlu\u00df f\u00fcr Joystick, Maus, etc.) Control Port 1 Control Port 2 &#8230;<\/p>\n<p><a href=\"https:\/\/c64-online.com\/?page_id=89\" class=\"more-link\">Continue reading &lsquo;Die Schnittstellen&rsquo; &raquo;<\/a><\/p>\n","protected":false},"author":1,"featured_media":0,"parent":87,"menu_order":0,"comment_status":"open","ping_status":"open","template":"","meta":{"footnotes":""},"class_list":["post-89","page","type-page","status-publish","hentry"],"_links":{"self":[{"href":"https:\/\/c64-online.com\/index.php?rest_route=\/wp\/v2\/pages\/89","targetHints":{"allow":["GET"]}}],"collection":[{"href":"https:\/\/c64-online.com\/index.php?rest_route=\/wp\/v2\/pages"}],"about":[{"href":"https:\/\/c64-online.com\/index.php?rest_route=\/wp\/v2\/types\/page"}],"author":[{"embeddable":true,"href":"https:\/\/c64-online.com\/index.php?rest_route=\/wp\/v2\/users\/1"}],"replies":[{"embeddable":true,"href":"https:\/\/c64-online.com\/index.php?rest_route=%2Fwp%2Fv2%2Fcomments&post=89"}],"version-history":[{"count":0,"href":"https:\/\/c64-online.com\/index.php?rest_route=\/wp\/v2\/pages\/89\/revisions"}],"up":[{"embeddable":true,"href":"https:\/\/c64-online.com\/index.php?rest_route=\/wp\/v2\/pages\/87"}],"wp:attachment":[{"href":"https:\/\/c64-online.com\/index.php?rest_route=%2Fwp%2Fv2%2Fmedia&parent=89"}],"curies":[{"name":"wp","href":"https:\/\/api.w.org\/{rel}","templated":true}]}}