{"id":83,"date":"2013-11-06T11:49:06","date_gmt":"2013-11-06T09:49:06","guid":{"rendered":"http:\/\/v45836.1blu.de\/?page_id=83"},"modified":"2013-11-06T11:49:06","modified_gmt":"2013-11-06T09:49:06","slug":"die-oceanic-oc-168","status":"publish","type":"page","link":"https:\/\/c64-online.com\/?page_id=83","title":{"rendered":"Die Oceanic OC-168"},"content":{"rendered":"<p>Dieses Laufwerk ist in Deutschland neben dem Modell OC-118 sehr bekannt und weit verbreitet. Es handelt sich um das Modell OC-168 von Oceanic. Dieses Laufwerk wurde auch von REX vertrieben. Die OC-168 hat eine andere Laufwerksmechanik (erkennbar an der ge\u00e4nderten Anordnung des Knebels) und eine andere Elektronik (erkennbar an den ge\u00e4nderten Anschl\u00fcssen auf der R\u00fcckseite) als die OC-118.<\/p>\n<p>Es wurde als DOS keine eigene Entwicklung unternommen, sondern das von CMD bereits bew\u00e4hrte Jiffy-DOS. Es sollen die Versionen 5.0 sowie 6.01 zum Einsatz gekommen sein. Leider ist es bei diesem Modell sehr schwierig, an technische Daten bzw. Eigenheiten zu kommen. Somit kann ich hier nicht sehr viel zu diesem Laufwerk sagen.<\/p>\n<p>Interessant ist ebenfalls die Power-\/Status-LED. Hier wurde eine zweifarbige LED verbaut, die gr\u00fcn leuchtet sobald die Floppy eingeschaltet wurde und rot, wenn ein Lese- oder Schreibzugriff stattfindet. Das Netzteil ist voll kompatibel und somit austauschbar mit dem der Commodore 1541-II. Die Dip-Schalter auf der R\u00fcckseite dienen dem Einstellen der Ger\u00e4teadresse.<\/p>\n<p>Vielen Dank an Andreas Schulz (Langer) f\u00fcr die Fotos.<\/p>\n<p><img loading=\"lazy\" decoding=\"async\" class=\"aligncenter\" alt=\"\" src=\"https:\/\/c64-online.com\/files\/C64-Photos\/oceanic-168_front.jpg\" width=\"440\" height=\"310\" \/><\/p>\n<p><img loading=\"lazy\" decoding=\"async\" class=\"aligncenter\" alt=\"\" src=\"https:\/\/c64-online.com\/files\/C64-Photos\/oceanic-168_back.jpg\" width=\"440\" height=\"310\" \/><\/p>\n","protected":false},"excerpt":{"rendered":"<p>Dieses Laufwerk ist in Deutschland neben dem Modell OC-118 sehr bekannt und weit verbreitet. Es handelt sich um das Modell OC-168 von Oceanic. Dieses Laufwerk wurde auch von REX vertrieben. Die OC-168 hat eine andere Laufwerksmechanik (erkennbar an der ge\u00e4nderten Anordnung des Knebels) und eine andere Elektronik (erkennbar an den ge\u00e4nderten Anschl\u00fcssen auf der R\u00fcckseite) &#8230;<\/p>\n<p><a href=\"https:\/\/c64-online.com\/?page_id=83\" class=\"more-link\">Continue reading &lsquo;Die Oceanic OC-168&rsquo; &raquo;<\/a><\/p>\n","protected":false},"author":1,"featured_media":0,"parent":53,"menu_order":14,"comment_status":"open","ping_status":"open","template":"","meta":{"footnotes":""},"class_list":["post-83","page","type-page","status-publish","hentry"],"_links":{"self":[{"href":"https:\/\/c64-online.com\/index.php?rest_route=\/wp\/v2\/pages\/83","targetHints":{"allow":["GET"]}}],"collection":[{"href":"https:\/\/c64-online.com\/index.php?rest_route=\/wp\/v2\/pages"}],"about":[{"href":"https:\/\/c64-online.com\/index.php?rest_route=\/wp\/v2\/types\/page"}],"author":[{"embeddable":true,"href":"https:\/\/c64-online.com\/index.php?rest_route=\/wp\/v2\/users\/1"}],"replies":[{"embeddable":true,"href":"https:\/\/c64-online.com\/index.php?rest_route=%2Fwp%2Fv2%2Fcomments&post=83"}],"version-history":[{"count":0,"href":"https:\/\/c64-online.com\/index.php?rest_route=\/wp\/v2\/pages\/83\/revisions"}],"up":[{"embeddable":true,"href":"https:\/\/c64-online.com\/index.php?rest_route=\/wp\/v2\/pages\/53"}],"wp:attachment":[{"href":"https:\/\/c64-online.com\/index.php?rest_route=%2Fwp%2Fv2%2Fmedia&parent=83"}],"curies":[{"name":"wp","href":"https:\/\/api.w.org\/{rel}","templated":true}]}}