{"id":73,"date":"2013-11-06T11:46:30","date_gmt":"2013-11-06T09:46:30","guid":{"rendered":"http:\/\/v45836.1blu.de\/?page_id=73"},"modified":"2013-11-06T11:46:30","modified_gmt":"2013-11-06T09:46:30","slug":"die-1541-ii-typ-c","status":"publish","type":"page","link":"https:\/\/c64-online.com\/?page_id=73","title":{"rendered":"Die 1541-II (Typ C)"},"content":{"rendered":"<p>Die dritte Version der 1541-II wurde in Hong Kong gebaut und trug Seriennummern, die mit AA3 begannen. Dieses Laufwerk hatte eine Mechanik von Newtronics und wurde per Riemen angetrieben.<\/p>\n<p>Die Frontblende ist glatt gehalten und bietet keinen \u00e4u\u00dferen Anschlag f\u00fcr den Knebel. Dieser liegt innen an der Knebelachse, die gegen einen Metallstopper anschl\u00e4gt. Von diesem Laufwerk hat es nach meinen Recherchen nicht sehr viele gegeben. Leider konnte ich nicht herausbekommen, wann dieses Laufwerk gebaut wurde.<\/p>\n<p><img loading=\"lazy\" decoding=\"async\" class=\"aligncenter\" alt=\"\" src=\"https:\/\/c64-online.com\/files\/C64-Photos\/1541-iic.jpg\" width=\"440\" height=\"360\" \/><\/p>\n","protected":false},"excerpt":{"rendered":"<p>Die dritte Version der 1541-II wurde in Hong Kong gebaut und trug Seriennummern, die mit AA3 begannen. Dieses Laufwerk hatte eine Mechanik von Newtronics und wurde per Riemen angetrieben. Die Frontblende ist glatt gehalten und bietet keinen \u00e4u\u00dferen Anschlag f\u00fcr den Knebel. Dieser liegt innen an der Knebelachse, die gegen einen Metallstopper anschl\u00e4gt. Von diesem &#8230;<\/p>\n<p><a href=\"https:\/\/c64-online.com\/?page_id=73\" class=\"more-link\">Continue reading &lsquo;Die 1541-II (Typ C)&rsquo; &raquo;<\/a><\/p>\n","protected":false},"author":1,"featured_media":0,"parent":53,"menu_order":9,"comment_status":"open","ping_status":"open","template":"","meta":{"footnotes":""},"class_list":["post-73","page","type-page","status-publish","hentry"],"_links":{"self":[{"href":"https:\/\/c64-online.com\/index.php?rest_route=\/wp\/v2\/pages\/73","targetHints":{"allow":["GET"]}}],"collection":[{"href":"https:\/\/c64-online.com\/index.php?rest_route=\/wp\/v2\/pages"}],"about":[{"href":"https:\/\/c64-online.com\/index.php?rest_route=\/wp\/v2\/types\/page"}],"author":[{"embeddable":true,"href":"https:\/\/c64-online.com\/index.php?rest_route=\/wp\/v2\/users\/1"}],"replies":[{"embeddable":true,"href":"https:\/\/c64-online.com\/index.php?rest_route=%2Fwp%2Fv2%2Fcomments&post=73"}],"version-history":[{"count":0,"href":"https:\/\/c64-online.com\/index.php?rest_route=\/wp\/v2\/pages\/73\/revisions"}],"up":[{"embeddable":true,"href":"https:\/\/c64-online.com\/index.php?rest_route=\/wp\/v2\/pages\/53"}],"wp:attachment":[{"href":"https:\/\/c64-online.com\/index.php?rest_route=%2Fwp%2Fv2%2Fmedia&parent=73"}],"curies":[{"name":"wp","href":"https:\/\/api.w.org\/{rel}","templated":true}]}}