{"id":71,"date":"2013-11-06T11:45:55","date_gmt":"2013-11-06T09:45:55","guid":{"rendered":"http:\/\/v45836.1blu.de\/?page_id=71"},"modified":"2023-04-05T07:12:51","modified_gmt":"2023-04-05T06:12:51","slug":"die-1541-ii-typ-b","status":"publish","type":"page","link":"https:\/\/c64-online.com\/?page_id=71","title":{"rendered":"Die 1541-II (Typ B)"},"content":{"rendered":"<p>Die 1541-II gab es nat\u00fcrlich noch in zwei weiteren Varianten. Die zweite (ich habe sie mal Typ B genannt) hatte nun eine andere Frontblende und einen anderen Knebel als Typ A. Der Anschlag war jetzt mit einer Kunststoffkante am Knebel angebracht. Vorher lag der komplette Knebel an einer Kante der Frontblende an.<\/p>\n<p>Die Laufwerksmechanik wurde von Digital Systems Inc. geliefert und wurde direkt angetrieben. Au\u00dferdem hatte sie keine Auswurffeder, wie die anderen beiden Typen, die beim \u00f6ffnen des Knebels die Diskette ein St\u00fcck nach vorne bef\u00f6rderte.<\/p>\n<p>Diese Variante der 1541-II war ab M\u00e4rz 1988 verf\u00fcgbar und wurde in China hergestellt. Die Seriennummern begannen mit HB5 und wurden dann mit einer sechsstelligen Nummer durchnummeriert.<\/p>\n<p><img loading=\"lazy\" decoding=\"async\" class=\"aligncenter\" src=\"https:\/\/c64-online.com\/files\/C64-Photos\/1541-iib.jpg\" alt=\"\" width=\"440\" height=\"360\" \/><\/p>\n","protected":false},"excerpt":{"rendered":"<p>Die 1541-II gab es nat\u00fcrlich noch in zwei weiteren Varianten. Die zweite (ich habe sie mal Typ B genannt) hatte nun eine andere Frontblende und einen anderen Knebel als Typ A. Der Anschlag war jetzt mit einer Kunststoffkante am Knebel angebracht. Vorher lag der komplette Knebel an einer Kante der Frontblende an. Die Laufwerksmechanik wurde &#8230;<\/p>\n<p><a href=\"https:\/\/c64-online.com\/?page_id=71\" class=\"more-link\">Continue reading &lsquo;Die 1541-II (Typ B)&rsquo; &raquo;<\/a><\/p>\n","protected":false},"author":1,"featured_media":0,"parent":53,"menu_order":8,"comment_status":"open","ping_status":"open","template":"","meta":{"footnotes":""},"class_list":["post-71","page","type-page","status-publish","hentry"],"_links":{"self":[{"href":"https:\/\/c64-online.com\/index.php?rest_route=\/wp\/v2\/pages\/71","targetHints":{"allow":["GET"]}}],"collection":[{"href":"https:\/\/c64-online.com\/index.php?rest_route=\/wp\/v2\/pages"}],"about":[{"href":"https:\/\/c64-online.com\/index.php?rest_route=\/wp\/v2\/types\/page"}],"author":[{"embeddable":true,"href":"https:\/\/c64-online.com\/index.php?rest_route=\/wp\/v2\/users\/1"}],"replies":[{"embeddable":true,"href":"https:\/\/c64-online.com\/index.php?rest_route=%2Fwp%2Fv2%2Fcomments&post=71"}],"version-history":[{"count":1,"href":"https:\/\/c64-online.com\/index.php?rest_route=\/wp\/v2\/pages\/71\/revisions"}],"predecessor-version":[{"id":4895,"href":"https:\/\/c64-online.com\/index.php?rest_route=\/wp\/v2\/pages\/71\/revisions\/4895"}],"up":[{"embeddable":true,"href":"https:\/\/c64-online.com\/index.php?rest_route=\/wp\/v2\/pages\/53"}],"wp:attachment":[{"href":"https:\/\/c64-online.com\/index.php?rest_route=%2Fwp%2Fv2%2Fmedia&parent=71"}],"curies":[{"name":"wp","href":"https:\/\/api.w.org\/{rel}","templated":true}]}}