{"id":69,"date":"2013-11-06T11:45:24","date_gmt":"2013-11-06T09:45:24","guid":{"rendered":"http:\/\/v45836.1blu.de\/?page_id=69"},"modified":"2013-11-06T11:45:24","modified_gmt":"2013-11-06T09:45:24","slug":"die-1541-ii-typ-a","status":"publish","type":"page","link":"https:\/\/c64-online.com\/?page_id=69","title":{"rendered":"Die 1541-II (Typ A)"},"content":{"rendered":"<p>Die 1541 sollte im Februar 1988 einen Nachfolger erhalten, der komplett \u00fcberarbeitet worden war. Die 1541-II bekam ein komplett neues Geh\u00e4use in dem nun kein Netzteil mehr daf\u00fcr sorgte, dass nach einigen Stunden Betrieb oder nach oftmals \u00fcblichen &#8222;Copysessions&#8220; das Laufwerk seinen Dienst verweigerte. (Obwohl es interessante L\u00f6sungen im Bastlerbereich gab. Beispielsweise mit einem Kaltluftf\u00f6n!)<\/p>\n<p>Das Netzteil war nun extern und in dem wesentlich kleineren Geh\u00e4use fand man eine neue Mechanik von Chinon bzw. Sankyo mit einem Riemenantrieb. Ebenfalls komplett \u00fcberarbeitet war das deutlich h\u00f6her integrierte PCB-Board. Auf diesem waren auch alle ICs gel\u00f6tet; IC-Sockel suchte man vergebens. Wer nun an Floppy-Speeder oder \u00e4hnliche Basteleien dachte, musste entweder tief in die Tasche greifen bzw. selber an den ICs l\u00f6ten oder die Idee verwerfen.<\/p>\n<p>Daf\u00fcr bot die neue 1541-II jetzt &#8222;endlich&#8220; die M\u00f6glichkeit, die Ger\u00e4teadresse von au\u00dfen zu w\u00e4hlen. Bei allen Vorg\u00e4ngermodellen musste man dieses mit durchtrennen von L\u00f6tbr\u00fccken auf der Platine erledigen. Dieses war nat\u00fcrlich mit einem Garantieverlust verbunden. Jedoch gab es nat\u00fcrlich mehrere Anwender, die sich den &#8222;Luxus&#8220; von zwei oder mehr Laufwerken g\u00f6nnen wollten. Dieses erkannte jetzt auch Commodore und reagierte mit DIP-Schaltern, die an der R\u00fcckseite des Laufwerkes angebracht wurden.<\/p>\n<p><img loading=\"lazy\" decoding=\"async\" class=\"aligncenter\" alt=\"\" src=\"https:\/\/c64-online.com\/files\/C64-Photos\/1541-ii.jpg\" width=\"440\" height=\"360\" \/><\/p>\n","protected":false},"excerpt":{"rendered":"<p>Die 1541 sollte im Februar 1988 einen Nachfolger erhalten, der komplett \u00fcberarbeitet worden war. Die 1541-II bekam ein komplett neues Geh\u00e4use in dem nun kein Netzteil mehr daf\u00fcr sorgte, dass nach einigen Stunden Betrieb oder nach oftmals \u00fcblichen &#8222;Copysessions&#8220; das Laufwerk seinen Dienst verweigerte. (Obwohl es interessante L\u00f6sungen im Bastlerbereich gab. Beispielsweise mit einem Kaltluftf\u00f6n!) &#8230;<\/p>\n<p><a href=\"https:\/\/c64-online.com\/?page_id=69\" class=\"more-link\">Continue reading &lsquo;Die 1541-II (Typ A)&rsquo; &raquo;<\/a><\/p>\n","protected":false},"author":1,"featured_media":0,"parent":53,"menu_order":7,"comment_status":"open","ping_status":"open","template":"","meta":{"footnotes":""},"class_list":["post-69","page","type-page","status-publish","hentry"],"_links":{"self":[{"href":"https:\/\/c64-online.com\/index.php?rest_route=\/wp\/v2\/pages\/69","targetHints":{"allow":["GET"]}}],"collection":[{"href":"https:\/\/c64-online.com\/index.php?rest_route=\/wp\/v2\/pages"}],"about":[{"href":"https:\/\/c64-online.com\/index.php?rest_route=\/wp\/v2\/types\/page"}],"author":[{"embeddable":true,"href":"https:\/\/c64-online.com\/index.php?rest_route=\/wp\/v2\/users\/1"}],"replies":[{"embeddable":true,"href":"https:\/\/c64-online.com\/index.php?rest_route=%2Fwp%2Fv2%2Fcomments&post=69"}],"version-history":[{"count":0,"href":"https:\/\/c64-online.com\/index.php?rest_route=\/wp\/v2\/pages\/69\/revisions"}],"up":[{"embeddable":true,"href":"https:\/\/c64-online.com\/index.php?rest_route=\/wp\/v2\/pages\/53"}],"wp:attachment":[{"href":"https:\/\/c64-online.com\/index.php?rest_route=%2Fwp%2Fv2%2Fmedia&parent=69"}],"curies":[{"name":"wp","href":"https:\/\/api.w.org\/{rel}","templated":true}]}}