{"id":65,"date":"2013-11-06T11:44:09","date_gmt":"2013-11-06T09:44:09","guid":{"rendered":"http:\/\/v45836.1blu.de\/?page_id=65"},"modified":"2013-11-06T11:44:09","modified_gmt":"2013-11-06T09:44:09","slug":"die-1541-c","status":"publish","type":"page","link":"https:\/\/c64-online.com\/?page_id=65","title":{"rendered":"Die 1541-C"},"content":{"rendered":"<p>1986 war der C64-C erschienen und so brauchte man auch ein entsprechend passendes Laufwerk. Bei dieser Gelegenheit wurde nicht nur die Farbe des Geh\u00e4uses sowie ein neues Typenschild entworfen, sondern man nahm \u00c4nderungen an der Platine des Laufwerkes vor.<\/p>\n<p>Zum einen wurden h\u00f6her integrierte Chips eingesetzt und es wurde dem Laufwerk eine Lichtschranke spendiert, mit dem die Floppy erkennen konnte, dass der Schreib-\/Lesekopf in Spur 0 war. Somit entfiel das ewige laute Ger\u00e4usch, das z.B. beim Formatieren einer Diskette zu h\u00f6ren war, weil der Kopf mehrfach an den Anschlag gefahren wurde im sicher zu stellen, dass der Kopf wirklich in Spur 0 sitzt. (Hierdurch gab es bei den \u00e4lteren Modellen immer wieder Probleme, dass der Schreib-\/Lesekopf dejustiert wurde.)<\/p>\n<p>Hierbei trat dann jedoch ein neues Problem auf. Die Firmware musste so ge\u00e4ndert werden, dass diese Lichtschranke auch angesprochen wurde. Das zog dann leider Inkompatibilit\u00e4ten nach sich. Der &#8222;freie&#8220; 8-Bit Bus des VIA 6522 wurde nun genutzt um diese Lichtschranke abzufragen. Dadurch konnten bei diesem Laufwerk auch nicht mehr die geliebten Floppy-Speeder (SpeedDos, DolphinDos etc) genutzt werden.<\/p>\n<p><img loading=\"lazy\" decoding=\"async\" class=\"aligncenter\" alt=\"\" src=\"https:\/\/c64-online.com\/files\/C64-Photos\/1541-c.jpg\" width=\"440\" height=\"360\" \/><br \/>\nWie hier zu sehen, gab es dieses Laufwerk sowohl mit der ALPS-Mechanik als auch mit der Mitsumi-Mechanik. Scheinbar wurde die Floppy jedoch h\u00e4ufiger mit der Mitsumi-Mechanik (mit Knebel) verkauft. Die ALPS-Mechanik wurde hier eher als Restposten verwendet und wurde einfach in beige \u00fcberlackiert. Dadurch sieht man heute auch viele dieser Floppies, an denen sich die beige Farbe gel\u00f6st hat und das Dunkelbraun wieder sichtbar wird.<\/p>\n<p><img loading=\"lazy\" decoding=\"async\" class=\"aligncenter\" alt=\"\" src=\"https:\/\/c64-online.com\/files\/C64-Photos\/1541-c-b.jpg\" width=\"440\" height=\"390\" \/><\/p>\n","protected":false},"excerpt":{"rendered":"<p>1986 war der C64-C erschienen und so brauchte man auch ein entsprechend passendes Laufwerk. Bei dieser Gelegenheit wurde nicht nur die Farbe des Geh\u00e4uses sowie ein neues Typenschild entworfen, sondern man nahm \u00c4nderungen an der Platine des Laufwerkes vor. Zum einen wurden h\u00f6her integrierte Chips eingesetzt und es wurde dem Laufwerk eine Lichtschranke spendiert, mit &#8230;<\/p>\n<p><a href=\"https:\/\/c64-online.com\/?page_id=65\" class=\"more-link\">Continue reading &lsquo;Die 1541-C&rsquo; &raquo;<\/a><\/p>\n","protected":false},"author":1,"featured_media":0,"parent":53,"menu_order":5,"comment_status":"open","ping_status":"open","template":"","meta":{"footnotes":""},"class_list":["post-65","page","type-page","status-publish","hentry"],"_links":{"self":[{"href":"https:\/\/c64-online.com\/index.php?rest_route=\/wp\/v2\/pages\/65","targetHints":{"allow":["GET"]}}],"collection":[{"href":"https:\/\/c64-online.com\/index.php?rest_route=\/wp\/v2\/pages"}],"about":[{"href":"https:\/\/c64-online.com\/index.php?rest_route=\/wp\/v2\/types\/page"}],"author":[{"embeddable":true,"href":"https:\/\/c64-online.com\/index.php?rest_route=\/wp\/v2\/users\/1"}],"replies":[{"embeddable":true,"href":"https:\/\/c64-online.com\/index.php?rest_route=%2Fwp%2Fv2%2Fcomments&post=65"}],"version-history":[{"count":0,"href":"https:\/\/c64-online.com\/index.php?rest_route=\/wp\/v2\/pages\/65\/revisions"}],"up":[{"embeddable":true,"href":"https:\/\/c64-online.com\/index.php?rest_route=\/wp\/v2\/pages\/53"}],"wp:attachment":[{"href":"https:\/\/c64-online.com\/index.php?rest_route=%2Fwp%2Fv2%2Fmedia&parent=65"}],"curies":[{"name":"wp","href":"https:\/\/api.w.org\/{rel}","templated":true}]}}