{"id":63,"date":"2013-11-06T11:43:28","date_gmt":"2013-11-06T09:43:28","guid":{"rendered":"http:\/\/v45836.1blu.de\/?page_id=63"},"modified":"2013-11-06T11:43:28","modified_gmt":"2013-11-06T09:43:28","slug":"die-1541-i-knebel","status":"publish","type":"page","link":"https:\/\/c64-online.com\/?page_id=63","title":{"rendered":"Die 1541-I (Knebel)"},"content":{"rendered":"<p>Da Commodore durch wachsenden Wettbewerb gezwungen war, die Floppy g\u00fcnstiger anbieten zu k\u00f6nnen, sollte die Mechanik eines anderen Herstellers verwendet werden. Die Mechanik von Alps wurde gegen die von Mitsumi ersetzt. Da auch der aufwendige Schnappverschluss zu teuer war wurde hierbei auf eine kosteng\u00fcnstigere Knebel-L\u00f6sung zur\u00fcckgegriffen.<\/p>\n<p>Einige b\u00f6se Zungen behaupte auch, dass Mitsumi sich nicht in der Lage sah die aufwendige Schnappverschlusstechnik sauber zu produzieren. Allerdings ist auch das wieder eine unbest\u00e4tigte Aussage!<\/p>\n<p><img loading=\"lazy\" decoding=\"async\" class=\"aligncenter\" alt=\"\" src=\"https:\/\/c64-online.com\/files\/C64-Photos\/1541-1-knebel.jpg\" width=\"440\" height=\"360\" \/><\/p>\n","protected":false},"excerpt":{"rendered":"<p>Da Commodore durch wachsenden Wettbewerb gezwungen war, die Floppy g\u00fcnstiger anbieten zu k\u00f6nnen, sollte die Mechanik eines anderen Herstellers verwendet werden. Die Mechanik von Alps wurde gegen die von Mitsumi ersetzt. Da auch der aufwendige Schnappverschluss zu teuer war wurde hierbei auf eine kosteng\u00fcnstigere Knebel-L\u00f6sung zur\u00fcckgegriffen. Einige b\u00f6se Zungen behaupte auch, dass Mitsumi sich nicht &#8230;<\/p>\n<p><a href=\"https:\/\/c64-online.com\/?page_id=63\" class=\"more-link\">Continue reading &lsquo;Die 1541-I (Knebel)&rsquo; &raquo;<\/a><\/p>\n","protected":false},"author":1,"featured_media":0,"parent":53,"menu_order":4,"comment_status":"open","ping_status":"open","template":"","meta":{"footnotes":""},"class_list":["post-63","page","type-page","status-publish","hentry"],"_links":{"self":[{"href":"https:\/\/c64-online.com\/index.php?rest_route=\/wp\/v2\/pages\/63","targetHints":{"allow":["GET"]}}],"collection":[{"href":"https:\/\/c64-online.com\/index.php?rest_route=\/wp\/v2\/pages"}],"about":[{"href":"https:\/\/c64-online.com\/index.php?rest_route=\/wp\/v2\/types\/page"}],"author":[{"embeddable":true,"href":"https:\/\/c64-online.com\/index.php?rest_route=\/wp\/v2\/users\/1"}],"replies":[{"embeddable":true,"href":"https:\/\/c64-online.com\/index.php?rest_route=%2Fwp%2Fv2%2Fcomments&post=63"}],"version-history":[{"count":0,"href":"https:\/\/c64-online.com\/index.php?rest_route=\/wp\/v2\/pages\/63\/revisions"}],"up":[{"embeddable":true,"href":"https:\/\/c64-online.com\/index.php?rest_route=\/wp\/v2\/pages\/53"}],"wp:attachment":[{"href":"https:\/\/c64-online.com\/index.php?rest_route=%2Fwp%2Fv2%2Fmedia&parent=63"}],"curies":[{"name":"wp","href":"https:\/\/api.w.org\/{rel}","templated":true}]}}