{"id":59,"date":"2013-11-06T11:42:27","date_gmt":"2013-11-06T09:42:27","guid":{"rendered":"http:\/\/v45836.1blu.de\/?page_id=59"},"modified":"2013-11-06T11:42:27","modified_gmt":"2013-11-06T09:42:27","slug":"die-1541-i","status":"publish","type":"page","link":"https:\/\/c64-online.com\/?page_id=59","title":{"rendered":"Die 1541-I"},"content":{"rendered":"<p>Ziemlich schnell war klar, dass ein Laufwerk pr\u00e4sentiert werden musste, dass dem C64 auch optisch Sch\u00fctzenhilfe leisten konnte. Die VC-1541 funktionierte offensichtlich einwandfrei, so dass man einfach das gleiche Laufwerk in ein neues Geh\u00e4use bzw. optisch \u00fcberarbeitetes Geh\u00e4use steckte. Das Oberteil des Geh\u00e4uses tr\u00e4gt seit jetzt sogar einen Kunststoffclip mit einem gepr\u00e4gten Commodore-Logo.<\/p>\n<p>Somit war das vielleicht meistverkaufte Diskettenlaufwerk der Heimcomputer-Geschichte geboren. F\u00fcr diese Floppy gibt es eine ganze Reihe an Hardware-Erweiterungen. Z.B. diverse Floppy-Beschleuniger die eine parallele 8-Bit-Verbindung zwischen dem VIA 6522 der Floppy und dem User-Port des C64 schufen und somit eine deutliche Verbesserung der \u00dcbertragungsrate schufen. Weiterhin gibt es z.B. die M\u00f6glichkeit die Lichtschranke des Schreibschutzmechanismus per Schalter zu &#8222;\u00fcbergehen&#8220;, so dass man die zweite Seite der Diskette nicht mehr lochen musste und sie zu benutzen.<\/p>\n<p><img loading=\"lazy\" decoding=\"async\" class=\"aligncenter\" alt=\"\" src=\"https:\/\/c64-online.com\/files\/C64-Photos\/1541-1.jpg\" width=\"440\" height=\"360\" \/><\/p>\n","protected":false},"excerpt":{"rendered":"<p>Ziemlich schnell war klar, dass ein Laufwerk pr\u00e4sentiert werden musste, dass dem C64 auch optisch Sch\u00fctzenhilfe leisten konnte. Die VC-1541 funktionierte offensichtlich einwandfrei, so dass man einfach das gleiche Laufwerk in ein neues Geh\u00e4use bzw. optisch \u00fcberarbeitetes Geh\u00e4use steckte. Das Oberteil des Geh\u00e4uses tr\u00e4gt seit jetzt sogar einen Kunststoffclip mit einem gepr\u00e4gten Commodore-Logo. Somit war &#8230;<\/p>\n<p><a href=\"https:\/\/c64-online.com\/?page_id=59\" class=\"more-link\">Continue reading &lsquo;Die 1541-I&rsquo; &raquo;<\/a><\/p>\n","protected":false},"author":1,"featured_media":0,"parent":53,"menu_order":2,"comment_status":"open","ping_status":"open","template":"","meta":{"footnotes":""},"class_list":["post-59","page","type-page","status-publish","hentry"],"_links":{"self":[{"href":"https:\/\/c64-online.com\/index.php?rest_route=\/wp\/v2\/pages\/59","targetHints":{"allow":["GET"]}}],"collection":[{"href":"https:\/\/c64-online.com\/index.php?rest_route=\/wp\/v2\/pages"}],"about":[{"href":"https:\/\/c64-online.com\/index.php?rest_route=\/wp\/v2\/types\/page"}],"author":[{"embeddable":true,"href":"https:\/\/c64-online.com\/index.php?rest_route=\/wp\/v2\/users\/1"}],"replies":[{"embeddable":true,"href":"https:\/\/c64-online.com\/index.php?rest_route=%2Fwp%2Fv2%2Fcomments&post=59"}],"version-history":[{"count":0,"href":"https:\/\/c64-online.com\/index.php?rest_route=\/wp\/v2\/pages\/59\/revisions"}],"up":[{"embeddable":true,"href":"https:\/\/c64-online.com\/index.php?rest_route=\/wp\/v2\/pages\/53"}],"wp:attachment":[{"href":"https:\/\/c64-online.com\/index.php?rest_route=%2Fwp%2Fv2%2Fmedia&parent=59"}],"curies":[{"name":"wp","href":"https:\/\/api.w.org\/{rel}","templated":true}]}}