{"id":57,"date":"2013-11-06T11:41:58","date_gmt":"2013-11-06T09:41:58","guid":{"rendered":"http:\/\/v45836.1blu.de\/?page_id=57"},"modified":"2013-11-06T11:41:58","modified_gmt":"2013-11-06T09:41:58","slug":"die-vc-1541","status":"publish","type":"page","link":"https:\/\/c64-online.com\/?page_id=57","title":{"rendered":"Die VC-1541"},"content":{"rendered":"<p>Aufgrund der Inkompatibilit\u00e4t zum C64 und der fehlerhaften Firmware brachte Commodore schon bald ein Nachfolger f\u00fcr die VC-1540. &#8222;VC-1541&#8220; sollte das Laufwerk hei\u00dfen und hatte ein vollst\u00e4ndig \u00fcberarbeitetes BIOS und eine etwas modifizierte Platine. Diese Floppy sollte nun also mit dem C64 sprechen. Commodore hatte in der Firmware den &#8222;UI&#8220;-Befehl plaziert, mit dem man die Floppy an die Geschwindigkeit des VC-20 (schneller Modus) und des C64 (langsamer Modus) angepasst werden konnte. Im Handbuch wurden die Befehle wie folgt genannt:<\/p>\n<p><strong>OPEN 15,8,15,&#8220;UI-&#8222;: CLOSE 15<\/strong> (f\u00fcr den VC-20 Modus)<\/p>\n<p><strong>OPEN 15,8,15,&#8220;UI+&#8220;: CLOSE 15<\/strong> (f\u00fcr den C64 Modus)<\/p>\n<p>Interessant erscheint nat\u00fcrlich, dass der C64 wirklich den &#8222;langsamen&#8220; Modus benutzt. Das h\u00e4ngt damit zusammen, dass die Speicherverwaltung durch die &#8222;wahnsinnigen&#8220; 64 KB etwas langsamer arbeitete als die des VC-20, der sich selbst mit der gr\u00f6\u00dften Speichererweiterung nur um 16 KB k\u00fcmmern musste. Au\u00dferdem war der VIC-II Chip etwas langsamer, da auch er sich mit mehr Daten besch\u00e4ftigte, da die Bildschirmaufl\u00f6sung deutlich h\u00f6her war als die des VC-20.<\/p>\n<p><img loading=\"lazy\" decoding=\"async\" class=\"aligncenter\" alt=\"\" src=\"https:\/\/c64-online.com\/files\/C64-Photos\/vc1541.jpg\" width=\"440\" height=\"360\" \/><\/p>\n","protected":false},"excerpt":{"rendered":"<p>Aufgrund der Inkompatibilit\u00e4t zum C64 und der fehlerhaften Firmware brachte Commodore schon bald ein Nachfolger f\u00fcr die VC-1540. &#8222;VC-1541&#8220; sollte das Laufwerk hei\u00dfen und hatte ein vollst\u00e4ndig \u00fcberarbeitetes BIOS und eine etwas modifizierte Platine. Diese Floppy sollte nun also mit dem C64 sprechen. Commodore hatte in der Firmware den &#8222;UI&#8220;-Befehl plaziert, mit dem man die &#8230;<\/p>\n<p><a href=\"https:\/\/c64-online.com\/?page_id=57\" class=\"more-link\">Continue reading &lsquo;Die VC-1541&rsquo; &raquo;<\/a><\/p>\n","protected":false},"author":1,"featured_media":0,"parent":53,"menu_order":1,"comment_status":"open","ping_status":"open","template":"","meta":{"footnotes":""},"class_list":["post-57","page","type-page","status-publish","hentry"],"_links":{"self":[{"href":"https:\/\/c64-online.com\/index.php?rest_route=\/wp\/v2\/pages\/57","targetHints":{"allow":["GET"]}}],"collection":[{"href":"https:\/\/c64-online.com\/index.php?rest_route=\/wp\/v2\/pages"}],"about":[{"href":"https:\/\/c64-online.com\/index.php?rest_route=\/wp\/v2\/types\/page"}],"author":[{"embeddable":true,"href":"https:\/\/c64-online.com\/index.php?rest_route=\/wp\/v2\/users\/1"}],"replies":[{"embeddable":true,"href":"https:\/\/c64-online.com\/index.php?rest_route=%2Fwp%2Fv2%2Fcomments&post=57"}],"version-history":[{"count":0,"href":"https:\/\/c64-online.com\/index.php?rest_route=\/wp\/v2\/pages\/57\/revisions"}],"up":[{"embeddable":true,"href":"https:\/\/c64-online.com\/index.php?rest_route=\/wp\/v2\/pages\/53"}],"wp:attachment":[{"href":"https:\/\/c64-online.com\/index.php?rest_route=%2Fwp%2Fv2%2Fmedia&parent=57"}],"curies":[{"name":"wp","href":"https:\/\/api.w.org\/{rel}","templated":true}]}}