{"id":51,"date":"2013-11-06T10:10:59","date_gmt":"2013-11-06T08:10:59","guid":{"rendered":"http:\/\/v45836.1blu.de\/?page_id=51"},"modified":"2013-11-06T10:10:59","modified_gmt":"2013-11-06T08:10:59","slug":"der-sx-64","status":"publish","type":"page","link":"https:\/\/c64-online.com\/?page_id=51","title":{"rendered":"Der SX-64"},"content":{"rendered":"<p>P\u00fcnktlich zum Weihnachtsgesch\u00e4ft 1983 schaffte Commodore die Fertigstellung und Auslieferung des SX-64. Ein Vorbote der heutigen Notebooks. Ein 5&#8243; Farb-R\u00f6hrenmonitor und eine Floppy 1541 schm\u00fcckten die Front des SX-64 in ge\u00f6ffnetem Zustand. Oberhalb des Diskettenlaufwerks gab es eine Ablage f\u00fcr Disketten. Commodore plante einen DX-64, der zwei Diskettenlaufwerke \u00fcbereinander haben sollte. Dieses Model wurde aber nie wirklich in St\u00fcckzahlen ausgeliefert.<\/p>\n<p>Neben einem eingebauten Lautsprecher besa\u00df der SX-64 hinter der rechten Klappe neben Reglern f\u00fcr Monitor und Lautst\u00e4rke sogar einen Resettaster.<\/p>\n<p>Die abgesetzte Tastatur diente beim Transport gleichzeitig als Deckel f\u00fcr die Front. Geschlossen sah das gute (und schwere) St\u00fcck so aus:<\/p>\n<p><img loading=\"lazy\" decoding=\"async\" class=\"aligncenter\" alt=\"\" src=\"https:\/\/c64-online.com\/files\/C64-Photos\/sx64-2.jpg\" width=\"540\" height=\"370\" \/><br \/>\nDer Griff wurde dann einfach nach vorne gezogen und man konnte das Ger\u00e4t transportieren. Leider ist dieses Ger\u00e4t jedoch auf eine Steckdose angewiesen. Der Batteriebetrieb war nicht vorgesehen. Aufgrund des Gewichtes w\u00e4re eine entsprechende Batterie auch wohl nicht mehr m\u00f6glich. Selbst ohne Batterie ist das Ger\u00e4t n\u00e4mlich schon auf eine Person angewiesen, die sich z.B. durch regelm\u00e4\u00dfiges Einkaufen die Muskeln entsprechend in Form h\u00e4lt.<\/p>\n<p>\u00dcbrigens hinterlie\u00df der SX-64 bei den meisten einen bleibenden Eindruck in der Weihnachtszeit 1983. Auf der Testdemo-Diskette des SX-64 war eine Weihnachtsdemo enthalten, die sowohl die F\u00e4higkeiten des Grafikchips als auch des SID unterstrich. (Wen es interessiert: Im Software-Bereich kann man diese Diskette ebenfalls runterladen.)<\/p>\n<p><img loading=\"lazy\" decoding=\"async\" class=\"aligncenter\" alt=\"\" src=\"https:\/\/c64-online.com\/files\/C64-Photos\/sx64.jpg\" width=\"540\" height=\"580\" \/><\/p>\n","protected":false},"excerpt":{"rendered":"<p>P\u00fcnktlich zum Weihnachtsgesch\u00e4ft 1983 schaffte Commodore die Fertigstellung und Auslieferung des SX-64. Ein Vorbote der heutigen Notebooks. Ein 5&#8243; Farb-R\u00f6hrenmonitor und eine Floppy 1541 schm\u00fcckten die Front des SX-64 in ge\u00f6ffnetem Zustand. Oberhalb des Diskettenlaufwerks gab es eine Ablage f\u00fcr Disketten. Commodore plante einen DX-64, der zwei Diskettenlaufwerke \u00fcbereinander haben sollte. Dieses Model wurde aber &#8230;<\/p>\n<p><a href=\"https:\/\/c64-online.com\/?page_id=51\" class=\"more-link\">Continue reading &lsquo;Der SX-64&rsquo; &raquo;<\/a><\/p>\n","protected":false},"author":1,"featured_media":0,"parent":296,"menu_order":5,"comment_status":"open","ping_status":"open","template":"","meta":{"footnotes":""},"class_list":["post-51","page","type-page","status-publish","hentry"],"_links":{"self":[{"href":"https:\/\/c64-online.com\/index.php?rest_route=\/wp\/v2\/pages\/51","targetHints":{"allow":["GET"]}}],"collection":[{"href":"https:\/\/c64-online.com\/index.php?rest_route=\/wp\/v2\/pages"}],"about":[{"href":"https:\/\/c64-online.com\/index.php?rest_route=\/wp\/v2\/types\/page"}],"author":[{"embeddable":true,"href":"https:\/\/c64-online.com\/index.php?rest_route=\/wp\/v2\/users\/1"}],"replies":[{"embeddable":true,"href":"https:\/\/c64-online.com\/index.php?rest_route=%2Fwp%2Fv2%2Fcomments&post=51"}],"version-history":[{"count":0,"href":"https:\/\/c64-online.com\/index.php?rest_route=\/wp\/v2\/pages\/51\/revisions"}],"up":[{"embeddable":true,"href":"https:\/\/c64-online.com\/index.php?rest_route=\/wp\/v2\/pages\/296"}],"wp:attachment":[{"href":"https:\/\/c64-online.com\/index.php?rest_route=%2Fwp%2Fv2%2Fmedia&parent=51"}],"curies":[{"name":"wp","href":"https:\/\/api.w.org\/{rel}","templated":true}]}}