{"id":49,"date":"2013-11-06T10:10:26","date_gmt":"2013-11-06T08:10:26","guid":{"rendered":"http:\/\/v45836.1blu.de\/?page_id=49"},"modified":"2020-04-27T07:08:03","modified_gmt":"2020-04-27T06:08:03","slug":"der-aldi-c64","status":"publish","type":"page","link":"https:\/\/c64-online.com\/?page_id=49","title":{"rendered":"Der Aldi-C64"},"content":{"rendered":"<p>Scheinbar inspiriert durch den erneuten Erfolg des C64-G besann sich der Albrecht Discount (Aldi) eine Aktion mit dem C64 zu starten. Im Juni 1988 gab es deshalb eine abermals neue Version des C64: Die Aldi-Variante.<\/p>\n<p>Interessanter Weise hatte Commodore wieder die Typenschilder des C64-I parat und auch das entsprechende Brotkastengeh\u00e4use in Braun war neu geboren. Die Tastatur entspricht auf dem ersten Blick der, des C64-C und ist in EDV-Beige gehalten. Jedoch war die Tastaturbeschriftung identisch mit dem C64-I.<\/p>\n<p>Von au\u00dfen also komplett neu gestylt. Und von innen? Nun, die Platine war scheinbar eine Entwicklungsstufe zwischen dem C64-I und dem C64-C. Sie war genauso gro\u00df wie die, des C64-I. Das Systemboard wurde jedoch aus der aktuellen C64-C Serie \u00fcbernommen und hatte so ebenfalls nicht die 9V auf dem Userport. Man k\u00f6nnte vermuten, dass Commodore um den von Aldi geforderten Preis einhalten zu k\u00f6nnen, ein Model geschaffen hatte, welches den absolut niedrigsten Preis in der Herstellung erreichte. Vielleicht hatte Commodore die alten Geh\u00e4use und einige unbeschriftete Tastaturen zu viel in irgendeinem Lager? Die konnte man doch nehmen! (Ist aber nur eine Vermutung!)<\/p>\n<p>Jedenfalls wurde auch diese Aktion zu einem absoluten Erfolg. Commodore konnte wieder einmal einige tausend C64 verkaufen und Aldi begann sein Gesch\u00e4ft im Computer-Sektor. (Wie wir heute wissen, immer noch erfolgreich).<\/p>\n<p><img loading=\"lazy\" decoding=\"async\" class=\"aligncenter\" src=\"https:\/\/c64-online.com\/files\/C64-Photos\/c64-aldi.jpg\" alt=\"\" width=\"540\" height=\"300\" \/><\/p>\n\n","protected":false},"excerpt":{"rendered":"<p>Scheinbar inspiriert durch den erneuten Erfolg des C64-G besann sich der Albrecht Discount (Aldi) eine Aktion mit dem C64 zu starten. Im Juni 1988 gab es deshalb eine abermals neue Version des C64: Die Aldi-Variante. Interessanter Weise hatte Commodore wieder die Typenschilder des C64-I parat und auch das entsprechende Brotkastengeh\u00e4use in Braun war neu geboren. &#8230;<\/p>\n<p><a href=\"https:\/\/c64-online.com\/?page_id=49\" class=\"more-link\">Continue reading &lsquo;Der Aldi-C64&rsquo; &raquo;<\/a><\/p>\n","protected":false},"author":1,"featured_media":0,"parent":296,"menu_order":4,"comment_status":"open","ping_status":"open","template":"","meta":{"footnotes":""},"class_list":["post-49","page","type-page","status-publish","hentry"],"_links":{"self":[{"href":"https:\/\/c64-online.com\/index.php?rest_route=\/wp\/v2\/pages\/49","targetHints":{"allow":["GET"]}}],"collection":[{"href":"https:\/\/c64-online.com\/index.php?rest_route=\/wp\/v2\/pages"}],"about":[{"href":"https:\/\/c64-online.com\/index.php?rest_route=\/wp\/v2\/types\/page"}],"author":[{"embeddable":true,"href":"https:\/\/c64-online.com\/index.php?rest_route=\/wp\/v2\/users\/1"}],"replies":[{"embeddable":true,"href":"https:\/\/c64-online.com\/index.php?rest_route=%2Fwp%2Fv2%2Fcomments&post=49"}],"version-history":[{"count":1,"href":"https:\/\/c64-online.com\/index.php?rest_route=\/wp\/v2\/pages\/49\/revisions"}],"predecessor-version":[{"id":4778,"href":"https:\/\/c64-online.com\/index.php?rest_route=\/wp\/v2\/pages\/49\/revisions\/4778"}],"up":[{"embeddable":true,"href":"https:\/\/c64-online.com\/index.php?rest_route=\/wp\/v2\/pages\/296"}],"wp:attachment":[{"href":"https:\/\/c64-online.com\/index.php?rest_route=%2Fwp%2Fv2%2Fmedia&parent=49"}],"curies":[{"name":"wp","href":"https:\/\/api.w.org\/{rel}","templated":true}]}}