{"id":4668,"date":"2014-11-12T08:56:24","date_gmt":"2014-11-12T07:56:24","guid":{"rendered":"http:\/\/c64-online.com\/?page_id=4668"},"modified":"2014-11-12T08:57:55","modified_gmt":"2014-11-12T07:57:55","slug":"dokumentation","status":"publish","type":"page","link":"https:\/\/c64-online.com\/?page_id=4668","title":{"rendered":"Dokumentation"},"content":{"rendered":"<div style=\"text-align: center;\"><strong>Hier sind diverse Dokumentationen zu finden. Sowohl Scans von<\/strong><\/div>\n<div style=\"text-align: center;\"><strong>Original-Handb\u00fcchern, als auch interessante Bauanleitungen.<\/strong><\/div>\n<div style=\"text-align: center;\">\u00a0<\/div>\n<table border=\"0\" align=\"center\">\n<tbody>\n<tr style=\"background-color: #2e3e93;\">\n<td style=\"width: 200px; background-color: #27567a;\"><strong><span style=\"font-size: medium; color: #ffffff;\"><span style=\"font-size: large;\"><strong><strong><a href=\"https:\/\/c64-online.com\/?ddownload=4658\" title=\"Download\" rel=\"nofollow\" class=\"ddownload-button button-blue id-4658 ext-zip\">Download<\/a><\/strong><\/strong><\/span><br \/> <\/span><\/strong><\/td>\n<td style=\"background-color: #27567a;\"><strong><span style=\"font-size: medium; color: #ffffff;\"><span style=\"font-size: large;\"><strong><strong>Bauanleitung 4-fach Kernelumschalter<br \/><\/strong><\/strong><\/span><\/span><\/strong><\/td>\n<\/tr>\n<tr align=\"left\" valign=\"top\">\n<td style=\"width: 200px;\">Dateigr\u00f6\u00dfe: 1,5 MB<br \/> Downloads: 2.157<\/td>\n<td style=\"text-align: left;\">\n<div><span class=\"postdetails\">Bauanleitung f\u00fcr eine 4-fach Kernenumschaltplatine aus der 64&#8217;er Ausgabe 7\/85 im PDF-Format.<\/span><\/div>\n<div>\u00a0<\/div>\n<div><span class=\"postdetails\"><img loading=\"lazy\" decoding=\"async\" src=\"https:\/\/c64-online.com\/files\/Screenshots\/KerUmschaltplafach.jpg\" alt=\"\" width=\"349\" height=\"261\" \/><\/span><\/div>\n<\/td>\n<\/tr>\n<\/tbody>\n<\/table>\n<table border=\"0\" align=\"center\">\n<tbody>\n<tr style=\"background-color: #2e3e93;\">\n<td style=\"width: 200px; background-color: #27567a;\"><strong><span style=\"font-size: medium; color: #ffffff;\"><span style=\"font-size: large;\"><strong><strong><a href=\"https:\/\/c64-online.com\/?ddownload=4659\" title=\"Download\" rel=\"nofollow\" class=\"ddownload-button button-blue id-4659 ext-zip\">Download<\/a><\/strong><\/strong><\/span><br \/> <\/span><\/strong><\/td>\n<td style=\"background-color: #27567a;\"><strong><span style=\"font-size: medium; color: #ffffff;\"><span style=\"font-size: large;\"><strong><strong>Bauanleitung Videotextdecoder<br \/><\/strong><\/strong><\/span><\/span><\/strong><\/td>\n<\/tr>\n<tr align=\"left\" valign=\"top\">\n<td style=\"width: 200px;\">Dateigr\u00f6\u00dfe: 8,6 MB<br \/> Downloads: 1.978<\/td>\n<td style=\"text-align: left;\"><span class=\"postdetails\">Eine Bauanleitung f\u00fcr einen Videotextdecoder aus dem RUN-Magazin (August\/87). Die Anleitung ist im PDF-Format und ca. 8,5 MB gro\u00df!<\/span><\/td>\n<\/tr>\n<\/tbody>\n<\/table>\n<table border=\"0\" align=\"center\">\n<tbody>\n<tr style=\"background-color: #2e3e93;\">\n<td style=\"width: 200px; background-color: #27567a;\"><strong><span style=\"font-size: medium; color: #ffffff;\"><span style=\"font-size: large;\"><strong><strong><a href=\"https:\/\/c64-online.com\/?ddownload=4660\" title=\"Download\" rel=\"nofollow\" class=\"ddownload-button button-blue id-4660 ext-zip\">Download<\/a><\/strong><\/strong><\/span><br \/> <\/span><\/strong><\/td>\n<td style=\"background-color: #27567a;\"><strong><span style=\"font-size: medium; color: #ffffff;\"><span style=\"font-size: large;\"><strong><strong>C64 aufgemotzt<br \/><\/strong><\/strong><\/span><\/span><\/strong><\/td>\n<\/tr>\n<tr align=\"left\" valign=\"top\">\n<td style=\"width: 200px;\">Dateigr\u00f6\u00dfe: 2,6 MB<br \/> Downloads: 2.935<\/td>\n<td style=\"text-align: left;\"><span class=\"postdetails\">Eine Anleitung aus der ct 6\/1987 in der es darum geht, den C64 mit einer neuen CPU aufzur\u00fcsten. Inkl. Schaltpl\u00e4ne und St\u00fcckliste. Alles im PDF-Format.<\/span><\/td>\n<\/tr>\n<\/tbody>\n<\/table>\n<table border=\"0\" align=\"center\">\n<tbody>\n<tr style=\"background-color: #2e3e93;\">\n<td style=\"width: 200px; background-color: #27567a;\"><strong><span style=\"font-size: medium; color: #ffffff;\"><span style=\"font-size: large;\"><strong><strong><a href=\"https:\/\/c64-online.com\/?ddownload=4661\" title=\"Download\" rel=\"nofollow\" class=\"ddownload-button button-blue id-4661 ext-zip\">Download<\/a><\/strong><\/strong><\/span><br \/> <\/span><\/strong><\/td>\n<td style=\"background-color: #27567a;\"><strong><span style=\"font-size: medium; color: #ffffff;\"><span style=\"font-size: large;\"><strong><strong>C64 Benutzerhandbuch<br \/><\/strong><\/strong><\/span><\/span><\/strong><\/td>\n<\/tr>\n<tr align=\"left\" valign=\"top\">\n<td style=\"width: 200px;\">Dateigr\u00f6\u00dfe: 7,1 MB<br \/> Downloads: 3.863<\/td>\n<td style=\"text-align: left;\">\n<div><span class=\"postdetails\"><span class=\"postdetails\">Das Benutzerhandbuch zum C64 in der ersten Auflage im PDF-Format. Bitte beachte die Dateigr\u00f6\u00dfe: ca. 7,2 MB!<\/span><\/span><\/p>\n<p>(gescannt und nachbearbeitet von mir selber)<\/p>\n<\/div>\n<div>\u00a0<\/div>\n<div><span class=\"postdetails\"><img loading=\"lazy\" decoding=\"async\" src=\"https:\/\/c64-online.com\/files\/Screenshots\/Benutzerhandbuch.jpg\" alt=\"\" width=\"384\" height=\"271\" \/><\/span><\/div>\n<\/td>\n<\/tr>\n<\/tbody>\n<\/table>\n<table border=\"0\" align=\"center\">\n<tbody>\n<tr style=\"background-color: #2e3e93;\">\n<td style=\"width: 200px; background-color: #27567a;\"><strong><span style=\"font-size: medium; color: #ffffff;\"><span style=\"font-size: large;\"><strong><strong><a href=\"https:\/\/c64-online.com\/?ddownload=4662\" title=\"Download\" rel=\"nofollow\" class=\"ddownload-button button-blue id-4662 ext-zip\">Download<\/a><\/strong><\/strong><\/span><br \/> <\/span><\/strong><\/td>\n<td style=\"background-color: #27567a;\"><strong><span style=\"font-size: medium; color: #ffffff;\"><span style=\"font-size: large;\"><strong><strong>C64 Speicher und Assembler Doku<br \/><\/strong><\/strong><\/span><\/span><\/strong><\/td>\n<\/tr>\n<tr align=\"left\" valign=\"top\">\n<td style=\"width: 200px;\">Dateigr\u00f6\u00dfe: 128,1 KB<br \/> Downloads: 2.963<\/td>\n<td style=\"text-align: left;\"><span class=\"postdetails\"><span class=\"postdetails\">Diese Dokumentation im Excel-Format enth\u00e4lt folgende Teile:<\/span><\/span><\/p>\n<p>&#8211; die Zeropage <br \/> &#8211; das Bildschrim-RAM <br \/> &#8211; das RAM <br \/> &#8211; das Basic-ROM <br \/> &#8211; die IO Register <br \/> &#8211; das Kernel ROM <br \/> &#8211; das Charakter ROM <br \/> &#8211; \u00dcbersicht der Assembler-Befehle <br \/> &#8211; die Aufteilung des Speichers in Pages <br \/> &#8211; Umrechnungstabelle (Dez-Hex-Bin)<\/p>\n<p>Vielen Dank an den User BlackHell! <br \/> (PS: Wer die Tabelle erweitert, m\u00f6ge bitte eine aktualisierte Version an mich zur\u00fcckschicken. Danke!)<\/p>\n<\/td>\n<\/tr>\n<\/tbody>\n<\/table>\n<table border=\"0\" align=\"center\">\n<tbody>\n<tr style=\"background-color: #2e3e93;\">\n<td style=\"width: 200px; background-color: #27567a;\"><strong><span style=\"font-size: medium; color: #ffffff;\"><span style=\"font-size: large;\"><strong><strong><a href=\"https:\/\/c64-online.com\/?ddownload=4663\" title=\"Download\" rel=\"nofollow\" class=\"ddownload-button button-blue id-4663 ext-zip\">Download<\/a><\/strong><\/strong><\/span><br \/> <\/span><\/strong><\/td>\n<td style=\"background-color: #27567a;\"><strong><span style=\"font-size: medium; color: #ffffff;\"><span style=\"font-size: large;\"><strong><strong>C64 Board-Lageplan<br \/><\/strong><\/strong><\/span><\/span><\/strong><\/td>\n<\/tr>\n<tr align=\"left\" valign=\"top\">\n<td style=\"width: 200px;\">Dateigr\u00f6\u00dfe: 143,6 KB<br \/> Downloads: 2.853<\/td>\n<td style=\"text-align: left;\"><span class=\"postdetails\">Ein Lageplan f\u00fcr das C64-Board der ersten Modelle (Brotkasten). Hier kann man sehr schon sehen, wo sich genau welcher Baustein befindet. Im JPG-Format.<\/span><\/td>\n<\/tr>\n<\/tbody>\n<\/table>\n<table border=\"0\" align=\"center\">\n<tbody>\n<tr style=\"background-color: #2e3e93;\">\n<td style=\"width: 200px; background-color: #27567a;\"><strong><span style=\"font-size: medium; color: #ffffff;\"><span style=\"font-size: large;\"><strong><strong><a href=\"https:\/\/c64-online.com\/?ddownload=4664\" title=\"Download\" rel=\"nofollow\" class=\"ddownload-button button-blue id-4664 ext-zip\">Download<\/a><\/strong><\/strong><\/span><br \/> <\/span><\/strong><\/td>\n<td style=\"background-color: #27567a;\"><strong><span style=\"font-size: medium; color: #ffffff;\"><span style=\"font-size: large;\"><strong><strong>C64 Schaltplan<br \/><\/strong><\/strong><\/span><\/span><\/strong><\/td>\n<\/tr>\n<tr align=\"left\" valign=\"top\">\n<td style=\"width: 200px;\">Dateigr\u00f6\u00dfe: 1,2 MB<br \/> Downloads: 3.131<\/td>\n<td style=\"text-align: left;\"><span class=\"postdetails\">Der komplette Schaltplan des C64 in guter Qualit\u00e4t (zwei A3-Seiten) im JPG-Format.<\/span><\/td>\n<\/tr>\n<\/tbody>\n<\/table>\n<table border=\"0\" align=\"center\">\n<tbody>\n<tr style=\"background-color: #2e3e93;\">\n<td style=\"width: 200px; background-color: #27567a;\"><strong><span style=\"font-size: medium; color: #ffffff;\"><span style=\"font-size: large;\"><strong><strong><a href=\"https:\/\/c64-online.com\/?ddownload=4665\" title=\"Download\" rel=\"nofollow\" class=\"ddownload-button button-blue id-4665 ext-zip\">Download<\/a><\/strong><\/strong><\/span><br \/> <\/span><\/strong><\/td>\n<td style=\"background-color: #27567a;\"><strong><span style=\"font-size: medium; color: #ffffff;\"><span style=\"font-size: large;\"><strong><strong>Final Cartridge III Handbuch<br \/><\/strong><\/strong><\/span><\/span><\/strong><\/td>\n<\/tr>\n<tr align=\"left\" valign=\"top\">\n<td style=\"width: 200px;\">Dateigr\u00f6\u00dfe: 1,7 MB<br \/> Downloads: 2.564<\/td>\n<td style=\"text-align: left;\">\n<div><span class=\"postdetails\">Das deutsche Benutzerhandbuch f\u00fcr das Final Cartridge III im PDF-Format.<\/span><\/div>\n<div>\u00a0<\/div>\n<div><span class=\"postdetails\"><img loading=\"lazy\" decoding=\"async\" src=\"https:\/\/c64-online.com\/files\/Screenshots\/Handbuch.gif\" alt=\"\" width=\"384\" height=\"271\" \/><\/span><\/div>\n<\/td>\n<\/tr>\n<\/tbody>\n<\/table>\n<table border=\"0\" align=\"center\">\n<tbody>\n<tr style=\"background-color: #2e3e93;\">\n<td style=\"width: 200px; background-color: #27567a;\"><strong><span style=\"font-size: medium; color: #ffffff;\"><span style=\"font-size: large;\"><strong><strong><a href=\"https:\/\/c64-online.com\/?ddownload=4666\" title=\"Download\" rel=\"nofollow\" class=\"ddownload-button button-blue id-4666 ext-zip\">Download<\/a><\/strong><\/strong><\/span><br \/> <\/span><\/strong><\/td>\n<td style=\"background-color: #27567a;\"><strong><span style=\"font-size: medium; color: #ffffff;\"><span style=\"font-size: large;\"><strong><strong>JiffyDOS Befehls\u00fcbersicht<br \/><\/strong><\/strong><\/span><\/span><\/strong><\/td>\n<\/tr>\n<tr align=\"left\" valign=\"top\">\n<td style=\"width: 200px;\">Dateigr\u00f6\u00dfe: 2,4 KB<br \/> Downloads: 2.149<\/td>\n<td style=\"text-align: left;\"><span class=\"postdetails\">Hier ist eine Befehls\u00fcbersicht f\u00fcr JiffyDOS. F\u00fcr alle, die die Anleitung verlegt haben.<\/span><\/td>\n<\/tr>\n<\/tbody>\n<\/table>\n<table border=\"0\" align=\"center\">\n<tbody>\n<tr style=\"background-color: #2e3e93;\">\n<td style=\"width: 200px; background-color: #27567a;\"><strong><span style=\"font-size: medium; color: #ffffff;\"><span style=\"font-size: large;\"><strong><strong><a href=\"https:\/\/c64-online.com\/?ddownload=4667\" title=\"Download\" rel=\"nofollow\" class=\"ddownload-button button-blue id-4667 ext-zip\">Download<\/a><\/strong><\/strong><\/span><br \/> <\/span><\/strong><\/td>\n<td style=\"background-color: #27567a;\"><strong><span style=\"font-size: medium; color: #ffffff;\"><span style=\"font-size: large;\"><strong><strong>REX Micro-Maxi-Prommer II<br \/><\/strong><\/strong><\/span><\/span><\/strong><\/td>\n<\/tr>\n<tr align=\"left\" valign=\"top\">\n<td style=\"width: 200px;\">Dateigr\u00f6\u00dfe: 7,4 KB<br \/> Downloads: 1.885<\/td>\n<td style=\"text-align: left;\"><span class=\"postdetails\">Die Anleitung vom Micro-Maxi-Prommer II im RTF-Format. Das Seitenformat ist Din A5.<\/span><\/td>\n<\/tr>\n<\/tbody>\n<\/table>\n<table border=\"0\" align=\"center\">\n<tbody>\n<tr style=\"background-color: #2e3e93;\">\n<td style=\"width: 200px; background-color: #27567a;\"><strong><span style=\"font-size: medium; color: #ffffff;\"><span style=\"font-size: large;\"><strong><strong><a href=\"https:\/\/c64-online.com\/?ddownload=4670\" title=\"Download\" rel=\"nofollow\" class=\"ddownload-button button-blue id-4670 ext-zip\">Download<\/a><\/strong><\/strong><\/span><br \/> <\/span><\/strong><\/td>\n<td style=\"background-color: #27567a;\"><strong><span style=\"font-size: medium; color: #ffffff;\"><span style=\"font-size: large;\"><strong><strong>SMON Befehls\u00fcbersicht<br \/><\/strong><\/strong><\/span><\/span><\/strong><\/td>\n<\/tr>\n<tr align=\"left\" valign=\"top\">\n<td style=\"width: 200px;\">Dateigr\u00f6\u00dfe: 4,7 KB<br \/> Downloads: 2.188<\/td>\n<td style=\"text-align: left;\"><span class=\"postdetails\">Hier ist eine komplette Befehls\u00fcbersicht f\u00fcr den SMON aus dem 64er Magazin. Es ist ein Textdokument im RTF-Format.<\/span><\/td>\n<\/tr>\n<\/tbody>\n<\/table>\n<p>&nbsp;<\/p>\n","protected":false},"excerpt":{"rendered":"<p>Hier sind diverse Dokumentationen zu finden. Sowohl Scans von Original-Handb\u00fcchern, als auch interessante Bauanleitungen. \u00a0 Bauanleitung 4-fach Kernelumschalter Dateigr\u00f6\u00dfe: Downloads: Bauanleitung f\u00fcr eine 4-fach Kernenumschaltplatine aus der 64&#8217;er Ausgabe 7\/85 im PDF-Format. \u00a0 Bauanleitung Videotextdecoder Dateigr\u00f6\u00dfe: Downloads: Eine Bauanleitung f\u00fcr einen Videotextdecoder aus dem RUN-Magazin (August\/87). Die Anleitung ist im PDF-Format und ca. 8,5 MB &#8230;<\/p>\n<p><a href=\"https:\/\/c64-online.com\/?page_id=4668\" class=\"more-link\">Continue reading &lsquo;Dokumentation&rsquo; &raquo;<\/a><\/p>\n","protected":false},"author":1,"featured_media":0,"parent":109,"menu_order":10,"comment_status":"open","ping_status":"open","template":"","meta":{"footnotes":""},"class_list":["post-4668","page","type-page","status-publish","hentry"],"_links":{"self":[{"href":"https:\/\/c64-online.com\/index.php?rest_route=\/wp\/v2\/pages\/4668","targetHints":{"allow":["GET"]}}],"collection":[{"href":"https:\/\/c64-online.com\/index.php?rest_route=\/wp\/v2\/pages"}],"about":[{"href":"https:\/\/c64-online.com\/index.php?rest_route=\/wp\/v2\/types\/page"}],"author":[{"embeddable":true,"href":"https:\/\/c64-online.com\/index.php?rest_route=\/wp\/v2\/users\/1"}],"replies":[{"embeddable":true,"href":"https:\/\/c64-online.com\/index.php?rest_route=%2Fwp%2Fv2%2Fcomments&post=4668"}],"version-history":[{"count":4,"href":"https:\/\/c64-online.com\/index.php?rest_route=\/wp\/v2\/pages\/4668\/revisions"}],"predecessor-version":[{"id":4675,"href":"https:\/\/c64-online.com\/index.php?rest_route=\/wp\/v2\/pages\/4668\/revisions\/4675"}],"up":[{"embeddable":true,"href":"https:\/\/c64-online.com\/index.php?rest_route=\/wp\/v2\/pages\/109"}],"wp:attachment":[{"href":"https:\/\/c64-online.com\/index.php?rest_route=%2Fwp%2Fv2%2Fmedia&parent=4668"}],"curies":[{"name":"wp","href":"https:\/\/api.w.org\/{rel}","templated":true}]}}