{"id":4653,"date":"2014-11-12T07:49:15","date_gmt":"2014-11-12T06:49:15","guid":{"rendered":"http:\/\/c64-online.com\/?page_id=4653"},"modified":"2014-11-12T07:51:19","modified_gmt":"2014-11-12T06:51:19","slug":"von-usern-fuer-user","status":"publish","type":"page","link":"https:\/\/c64-online.com\/?page_id=4653","title":{"rendered":"Von Usern f\u00fcr User"},"content":{"rendered":"<div style=\"text-align: center;\"><strong>In dieser Kategorie befinden sich Programme, die Besucher<\/strong><\/div>\n<div style=\"text-align: center;\"><strong>dieser Website mir zugemailt haben. Hierf\u00fcr vielen Dank!<\/strong><\/div>\n<div style=\"text-align: center;\">\u00a0<\/div>\n<table border=\"0\" align=\"center\">\n<tbody>\n<tr style=\"background-color: #2e3e93;\">\n<td style=\"width: 200px; background-color: #27567a;\"><strong><span style=\"font-size: medium; color: #ffffff;\"><span style=\"font-size: large;\"><strong><strong><a href=\"https:\/\/c64-online.com\/?ddownload=4645\" title=\"Download\" rel=\"nofollow\" class=\"ddownload-button button-blue id-4645 ext-zip\">Download<\/a><\/strong><\/strong><\/span><br \/> <\/span><\/strong><\/td>\n<td style=\"background-color: #27567a;\"><strong><span style=\"font-size: medium; color: #ffffff;\"><span style=\"font-size: large;\"><strong><strong>Bitz\u00e4hler<\/strong><\/strong><\/span><\/span><\/strong><\/td>\n<\/tr>\n<tr align=\"left\" valign=\"top\">\n<td style=\"width: 200px;\">Dateigr\u00f6\u00dfe: 2,7 KB<br \/> Downloads: 1.939<\/td>\n<td style=\"text-align: left;\"><span class=\"postdetails\"><span class=\"postdetails\">Es wird ein Gitter mit 8 Stellen angezeigt, in dem dann nach und nach die Bits ein- und ausgeschaltet werden. Die momentane Reihenfolge ist von 0 bis 255. Zudem befindet sich noch eine Warteschleife im Programm, damit dieser Ablauf sichtbar ist. Da ich direkt in den Bildschirmram gepokt habe, kann man anhand der Routinen sehen, das nicht immer alle 8 Bit auf einmal f\u00fcr jede zahl bearbeitet werden m\u00fcssen, sondern nur jeweils die Ver\u00e4nderungen hinter dem letzten Bit.<\/span><\/span><\/p>\n<p>Vielleicht hilft das einigen, Probleme \u00e4hnlicher Art zu erkennen und somit zu l\u00f6sen. Oder zumindest ein besseres Verst\u00e4ndnis f\u00fcr die Werte zu bekommen, die man so in die verschiedenen Register poked.<\/p>\n<\/td>\n<\/tr>\n<\/tbody>\n<\/table>\n<table border=\"0\" align=\"center\">\n<tbody>\n<tr style=\"background-color: #2e3e93;\">\n<td style=\"width: 200px; background-color: #27567a;\"><strong><span style=\"font-size: medium; color: #ffffff;\"><span style=\"font-size: large;\"><strong><strong><a href=\"https:\/\/c64-online.com\/?ddownload=4646\" title=\"Download\" rel=\"nofollow\" class=\"ddownload-button button-blue id-4646 ext-zip\">Download<\/a><\/strong><\/strong><\/span><br \/> <\/span><\/strong><\/td>\n<td style=\"background-color: #27567a;\"><strong><span style=\"font-size: medium; color: #ffffff;\"><span style=\"font-size: large;\"><strong><strong>Boulder Dash Unlimited Deluxe<br \/><\/strong><\/strong><\/span><\/span><\/strong><\/td>\n<\/tr>\n<tr align=\"left\" valign=\"top\">\n<td style=\"width: 200px;\">Dateigr\u00f6\u00dfe: 21,6 KB<br \/> Downloads: 2.237<\/td>\n<td style=\"text-align: left;\">\n<div><span class=\"postdetails\"><span class=\"postdetails\">Dieser Version stammt von dem User &#8222;UStar23&#8220;:<\/span><\/span><\/p>\n<p>&#8222;Kurz vorm Jahreswechsel habe ich dank der Crazy Light Tools V3.0 mein eigenes BoulderDash fertigstellen k\u00f6nnen. Es hat 20 Caves und 4 Intermissions und ist in der Art des klassischen BoulderDash aufgemacht. Also Titlescreen und Tileset. Die Caves sind nat\u00fcrlich von mir erbaut worden.&#8220;<\/p>\n<\/div>\n<div>\u00a0<\/div>\n<div><span class=\"postdetails\"><img loading=\"lazy\" decoding=\"async\" src=\"https:\/\/c64-online.com\/files\/Screenshots\/BD_UX.png\" alt=\"\" width=\"384\" height=\"271\" \/><\/span><\/div>\n<\/td>\n<\/tr>\n<\/tbody>\n<\/table>\n<table border=\"0\" align=\"center\">\n<tbody>\n<tr style=\"background-color: #2e3e93;\">\n<td style=\"width: 200px; background-color: #27567a;\"><strong><span style=\"font-size: medium; color: #ffffff;\"><span style=\"font-size: large;\"><strong><strong><a href=\"https:\/\/c64-online.com\/?ddownload=4647\" title=\"Download\" rel=\"nofollow\" class=\"ddownload-button button-blue id-4647 ext-zip\">Download<\/a><\/strong><\/strong><\/span><br \/> <\/span><\/strong><\/td>\n<td style=\"background-color: #27567a;\"><strong><span style=\"font-size: medium; color: #ffffff;\"><span style=\"font-size: large;\"><strong><strong>Data-Zeilen-Check<\/strong><\/strong><\/span><\/span><\/strong><\/td>\n<\/tr>\n<tr align=\"left\" valign=\"top\">\n<td style=\"width: 200px;\">Dateigr\u00f6\u00dfe: 719,0 B<br \/> Downloads: 1.833<\/td>\n<td style=\"text-align: left;\">\n<div><span class=\"postdetails\">Dieses Programm kommt vom User BlackHell: <\/span><\/div>\n<div><span class=\"postdetails\"><span class=\"postdetails\"><br \/> &#8222;Ich hab mal wieder ein Basiclader Programm f\u00fcr eigentlichen Assemblercode aus einem Heft eingegeben und bin fast verzweifelt an der DATA-Zeilenflut.<\/span><\/span><\/p>\n<p>Auch deswegen, weil ich das komplette Listing durchgehen musste, um meine Tippfehler auszub\u00fcgeln.<\/p>\n<p>Da hat mich das endg\u00fcltig angefangen zu nerven. Darum hab ich ein kleines Beispiellisting gemacht, mit dem man rumprobieren kann und das einem die Zeile angibt, in welcher DATA-Zeile der Fehler steckt. <br \/> Das dadurch keine doppelten Tippfehler herausgefunden werden k\u00f6nnen, ist leider unm\u00f6glich. Doch es hilft zumindest, Fehler einzugrenzen.<\/p>\n<p>Das dadurch noch ein paar Zeilen mehr Tipparbeit ansteht ist nicht vermeidbar, aber guten gewissens zu vertreten, da ja die Fehlersuche auf einzelne Zeilen beschr\u00e4nkt sind und man nicht das komplette Listing durchgehen mu\u00df. <br \/> Das Programm ist so geschrieben, das alles funktioniert. Um es auszutesten, ist irgend ein Wert in den DATA-Zeilen zu \u00e4ndern. <br \/> Es kann durch zusammenfassen von DATA-Zeilenbereichen auch f\u00fcr l\u00e4ngere Listings ge\u00e4ndert werden, in dem man einfach folgendes \u00e4ndert (nur f\u00fcr das momentane Beispiel zu verwenden):<\/p>\n<p><span style=\"color: #333333;\"><span style=\"background-color: #c0c0c0;\"><span style=\"font-family: Courier New;\">IF X=49152+62 AND C&lt;&gt;1953 THEN PRINT&#8220;Fehler in Zeilen 1-3&#8243;: END<\/span><\/span><\/span><\/p>\n<\/div>\n<\/td>\n<\/tr>\n<\/tbody>\n<\/table>\n<table border=\"0\" align=\"center\">\n<tbody>\n<tr style=\"background-color: #2e3e93;\">\n<td style=\"width: 200px; background-color: #27567a;\"><strong><span style=\"font-size: medium; color: #ffffff;\"><span style=\"font-size: large;\"><strong><strong><a href=\"https:\/\/c64-online.com\/?ddownload=4648\" title=\"Download\" rel=\"nofollow\" class=\"ddownload-button button-blue id-4648 ext-zip\">Download<\/a><\/strong><\/strong><\/span><br \/> <\/span><\/strong><\/td>\n<td style=\"background-color: #27567a;\"><strong><span style=\"font-size: medium; color: #ffffff;\"><span style=\"font-size: large;\"><strong><strong>Datatool<\/strong><\/strong><\/span><\/span><\/strong><\/td>\n<\/tr>\n<tr align=\"left\" valign=\"top\">\n<td style=\"width: 200px;\">Dateigr\u00f6\u00dfe: 25,0 KB<br \/> Downloads: 1.859<\/td>\n<td style=\"text-align: left;\">\n<div><span class=\"postdetails\"><span class=\"postdetails\">Basic-Programmierbare Tabellenkalkulation f\u00fcr den C64.<\/span><\/span><\/p>\n<p>Das Programm verwaltet Text oder Zahlen in Tabellenform. Im Unterschied zu g\u00e4ngigen Tabellenkalkulationsprogrammen sind Formeln nicht vorgegeben, sondern k\u00f6nnen mit dem C64-Basic frei programmiert werden. Abgesehen von Berechnungen eignet sich das Programm auch f\u00fcr das einfache Schreiben, Drucken und Speichern von Listen jeder Art.<\/p>\n<p>Ein Manual gibt es online: <br \/> <a href=\"http:\/\/members.chello.at\/wiener.freiheit\/datatool.htm\" target=\"_blank\">http:\/\/members.chello.at\/wiener.freiheit\/datatool.htm<\/a><\/p>\n<\/div>\n<div>\u00a0<\/div>\n<div><span class=\"postdetails\"><img loading=\"lazy\" decoding=\"async\" src=\"https:\/\/c64-online.com\/files\/Screenshots\/datatool.gif\" alt=\"\" width=\"384\" height=\"271\" \/><\/span><\/div>\n<\/td>\n<\/tr>\n<\/tbody>\n<\/table>\n<table border=\"0\" align=\"center\">\n<tbody>\n<tr style=\"background-color: #2e3e93;\">\n<td style=\"width: 200px; background-color: #27567a;\"><strong><span style=\"font-size: medium; color: #ffffff;\"><span style=\"font-size: large;\"><strong><strong><a href=\"https:\/\/c64-online.com\/?ddownload=4649\" title=\"Download\" rel=\"nofollow\" class=\"ddownload-button button-blue id-4649 ext-zip\">Download<\/a><\/strong><\/strong><\/span><br \/> <\/span><\/strong><\/td>\n<td style=\"background-color: #27567a;\"><strong><span style=\"font-size: medium; color: #ffffff;\"><span style=\"font-size: large;\"><strong><strong>DiffPacker<\/strong><\/strong><\/span><\/span><\/strong><\/td>\n<\/tr>\n<tr align=\"left\" valign=\"top\">\n<td style=\"width: 200px;\">Dateigr\u00f6\u00dfe: 10,4 KB<br \/> Downloads: 1.361<\/td>\n<td style=\"text-align: left;\">\n<div>Dieses Programm vergleicht zwei Speicherseiten und speichert die Differenzen ab. Hiermit kann man z.B. Bilder einfach in einander kopieren.<\/div>\n<div>\u00a0<\/div>\n<div><img loading=\"lazy\" decoding=\"async\" src=\"https:\/\/c64-online.com\/files\/Screenshots\/Diffpacker.png\" alt=\"\" width=\"384\" height=\"272\" \/><\/div>\n<\/td>\n<\/tr>\n<\/tbody>\n<\/table>\n<table border=\"0\" align=\"center\">\n<tbody>\n<tr style=\"background-color: #2e3e93;\">\n<td style=\"width: 200px; background-color: #27567a;\"><strong><span style=\"font-size: medium; color: #ffffff;\"><span style=\"font-size: large;\"><strong><strong><a href=\"https:\/\/c64-online.com\/?ddownload=4650\" title=\"Download\" rel=\"nofollow\" class=\"ddownload-button button-blue id-4650 ext-rar\">Download<\/a><\/strong><\/strong><\/span><br \/> <\/span><\/strong><\/td>\n<td style=\"background-color: #27567a;\"><strong><span style=\"font-size: medium; color: #ffffff;\"><span style=\"font-size: large;\"><strong><strong>GI-Joe&#8217;s Programme<br \/><\/strong><\/strong><\/span><\/span><\/strong><\/td>\n<\/tr>\n<tr align=\"left\" valign=\"top\">\n<td style=\"width: 200px;\">Dateigr\u00f6\u00dfe: 81,9 KB<br \/> Downloads: 1.959<\/td>\n<td style=\"text-align: left;\">\n<div><span class=\"postdetails\"><span class=\"postdetails\">Elektronic Calc &#8211; wie der Name schon sagt, Elektronische Berechnungen<\/span><\/span><\/p>\n<p>Tape Calculator &#8211; Titell\u00e4ngen eingeben (Syntax 3.45 &#8211; mit Punkt), das Programm berechnet, ob die Titel auf Cassette passen &#8230;<\/p>\n<p>BPM-Analyser &#8211; einfach im Takt der Musik auf F7 dr\u00fccken, dann werden die BPM\u00b4s angezeigt (Beats per Minute), je l\u00e4nger man es macht, desto genauere Werte werden berechnet !! &#8230;. aus meiner DJ-Zeit<\/p>\n<p>Terminator 2 Crack &#8211; Vorspann vor dem Game, welches dann einen Fastloader in das Game mit einbindet (mit Bild und digitalen Sounds !!)<\/p>\n<p>Nibbly92 Crack &#8211; Ich habe einen Highscoresaver hinzugef\u00fcgt. Gespeicherte Highscores lassen sich l\u00f6schen, wenn man im Intro SPACE dr\u00fcckt und VORHER die Disk aus dem Laufwerk nimmt<\/p>\n<p>AMIGA-LOOK-MODUL &#8211; Eprom-File, welches sich mit dem Boot-Programm auch so starten l\u00e4\u00dft<\/p>\n<\/div>\n<div>\u00a0<\/div>\n<div><span class=\"postdetails\"><img loading=\"lazy\" decoding=\"async\" src=\"https:\/\/c64-online.com\/files\/Screenshots\/JProgramme.png\" alt=\"\" width=\"384\" height=\"271\" border=\"2\" \/><\/span><\/div>\n<\/td>\n<\/tr>\n<\/tbody>\n<\/table>\n<table border=\"0\" align=\"center\">\n<tbody>\n<tr style=\"background-color: #2e3e93;\">\n<td style=\"width: 200px; background-color: #27567a;\"><strong><span style=\"font-size: medium; color: #ffffff;\"><span style=\"font-size: large;\"><strong><strong><a href=\"https:\/\/c64-online.com\/?ddownload=4651\" title=\"Download\" rel=\"nofollow\" class=\"ddownload-button button-blue id-4651 ext-zip\">Download<\/a><\/strong><\/strong><\/span><br \/> <\/span><\/strong><\/td>\n<td style=\"background-color: #27567a;\"><strong><span style=\"font-size: medium; color: #ffffff;\"><span style=\"font-size: large;\"><strong><strong>Relaunch 64 V2.0<br \/><\/strong><\/strong><\/span><\/span><\/strong><\/td>\n<\/tr>\n<tr align=\"left\" valign=\"top\">\n<td style=\"width: 200px;\">Dateigr\u00f6\u00dfe: 445,5 KB<br \/> Downloads: 2.187<\/td>\n<td style=\"text-align: left;\">\n<div><span class=\"postdetails\">Relaunch 64 ist ein besonderer Texteditor, mit dem man Assemblerprogramme f\u00fcr den C64 erstellen kann. Dieses Programm arbeitet mit allen g\u00e4ngigen Crossassemblern zusammen und bietet f\u00fcr diese die perfekte Editierumgebung. Relaunch 64 beherrscht s\u00e4mtliche wichtige Funktionen, die ein Texteditor braucht: Paralleles Texteditieren, unbegrenzte Dateigr\u00f6\u00dfe, Suchen, Ersetzen, datei\u00fcbergreifendes Suchen\/Ersetzen, mehrere Zwischenablagen, Lesezeichen, selbstdefinierbare Tastenkombinationen, Projektordner verwalten, Textkonvertierungen und vieles mehr. <\/span><\/div>\n<div><span class=\"postdetails\"><br \/> Au\u00dferdem besitzt das Programm viele besondere Funktionen, die das Erstellen von Assembler-Programmen erleichtern. Spezielle Navigations-Funktionen erleichtern die Navigation durch den Source enorm. Syntaxhighlighting ist ebenfalls implementiert. Zus\u00e4tzlich lassen sich Source-Schnipsel problemlos verwalten (\u00e4hnlich wie bei unserem Programm Faster Coding). Per Knopfdruck wird der Sourcecode automatisch assembliert, der Emulator gestartet und der Source ausgef\u00fchrt. <\/span><\/div>\n<div><span class=\"postdetails\"><span class=\"postdetails\"><br \/> In der Hilfedatei zum Programm sind unter anderem ausf\u00fchrlich die ersten Schritte erkl\u00e4rt. Au\u00dferdem empfehlen die Programmierer den Download der Sample-Datei, um den Einstieg zu erleichtern.<\/span><\/span><\/p>\n<p>Mehr Infos unter <a href=\"http:\/\/www.koolpeople.de\/\" target=\"_blank\">http:\/\/www.koolpeople.de<\/a><\/p>\n<\/div>\n<\/td>\n<\/tr>\n<\/tbody>\n<\/table>\n<p>&nbsp;<\/p>\n","protected":false},"excerpt":{"rendered":"<p>In dieser Kategorie befinden sich Programme, die Besucher dieser Website mir zugemailt haben. Hierf\u00fcr vielen Dank! \u00a0 Bitz\u00e4hler Dateigr\u00f6\u00dfe: Downloads: Es wird ein Gitter mit 8 Stellen angezeigt, in dem dann nach und nach die Bits ein- und ausgeschaltet werden. Die momentane Reihenfolge ist von 0 bis 255. Zudem befindet sich noch eine Warteschleife im &#8230;<\/p>\n<p><a href=\"https:\/\/c64-online.com\/?page_id=4653\" class=\"more-link\">Continue reading &lsquo;Von Usern f\u00fcr User&rsquo; &raquo;<\/a><\/p>\n","protected":false},"author":1,"featured_media":0,"parent":109,"menu_order":9,"comment_status":"open","ping_status":"open","template":"","meta":{"footnotes":""},"class_list":["post-4653","page","type-page","status-publish","hentry"],"_links":{"self":[{"href":"https:\/\/c64-online.com\/index.php?rest_route=\/wp\/v2\/pages\/4653","targetHints":{"allow":["GET"]}}],"collection":[{"href":"https:\/\/c64-online.com\/index.php?rest_route=\/wp\/v2\/pages"}],"about":[{"href":"https:\/\/c64-online.com\/index.php?rest_route=\/wp\/v2\/types\/page"}],"author":[{"embeddable":true,"href":"https:\/\/c64-online.com\/index.php?rest_route=\/wp\/v2\/users\/1"}],"replies":[{"embeddable":true,"href":"https:\/\/c64-online.com\/index.php?rest_route=%2Fwp%2Fv2%2Fcomments&post=4653"}],"version-history":[{"count":4,"href":"https:\/\/c64-online.com\/index.php?rest_route=\/wp\/v2\/pages\/4653\/revisions"}],"predecessor-version":[{"id":4656,"href":"https:\/\/c64-online.com\/index.php?rest_route=\/wp\/v2\/pages\/4653\/revisions\/4656"}],"up":[{"embeddable":true,"href":"https:\/\/c64-online.com\/index.php?rest_route=\/wp\/v2\/pages\/109"}],"wp:attachment":[{"href":"https:\/\/c64-online.com\/index.php?rest_route=%2Fwp%2Fv2%2Fmedia&parent=4653"}],"curies":[{"name":"wp","href":"https:\/\/api.w.org\/{rel}","templated":true}]}}