{"id":143,"date":"2013-11-06T14:50:07","date_gmt":"2013-11-06T12:50:07","guid":{"rendered":"http:\/\/v45836.1blu.de\/?page_id=143"},"modified":"2013-11-20T20:21:00","modified_gmt":"2013-11-20T18:21:00","slug":"usb-hub-und-stromversorgung","status":"publish","type":"page","link":"https:\/\/c64-online.com\/?page_id=143","title":{"rendered":"USB-Hub und Stromversorgung"},"content":{"rendered":"<p>F\u00fcr meinen Fileserver, den ich mit dem Pi aufgebaut habe brauchte ich einen aktiven USB-Hub, um erfolgreich USB-Festplatten nutzen zu k\u00f6nnen. Das liegt nat\u00fcrlich daran, dass der Pi keine M\u00f6glichkeit hat, USB-Ger\u00e4te wie Festplatten mit ausreichend Strom zu versorgen.<\/p>\n<p>Da ich jedoch nicht auch noch eine Steckdosenleiste f\u00fcr zwei Netzteile anschlie\u00dfen wollte bin ich schnell auf die Idee gekommen einen aktiven USB-Hub zu nutzen, der zum einen ein ausreichend gro\u00dfes Netzteil besitzt und zum anderen auf seinen USB-Ports mehr als 1000 mA Stromversorgung zur Verf\u00fcgung stellt. Meine Wahl viel nach einigen Recherchen auf den &#8222;i-Tec U2HUB412&#8220;. Dieser Hub wird auch direkt als &#8222;Charging Hub&#8220; bezeichnet und leistet je USB-Port bis zu 2000 mA.<\/p>\n<p>Dadurch habe ich dann nicht nur zwei USB-Festplatten, sondern mit einem Micro-USB-Kabel auch direkt den Pi-Stromzugang angeschlossen. Zus\u00e4tzlich besteht die Verbindung zum USB-Hub \u00fcber den USB-Uplink an den Standard-USB-Port des Pi. Also habe ich in diesem Fall zwei USB-Verbindungen zum Pi. Das ist bei diesem Switch erforderlich, da er \u00fcber den USB-Uplink leider keine Stromversorgung liefert. Es gibt einige USB-Hubs, die auch \u00fcber den USB-Uplink Strom anbieten. In diesem Fall k\u00f6nnte man das Micro-USB-Kabel zum Pi einfach weglassen.<\/p>\n<p>Ich kann an dieser Stelle aber den &#8222;i-Tec U2HUB412&#8220; nur empfehlen. Er l\u00e4uft sehr stabil und bietet wirklich eine ausreichende Stromversorgung. Die Kosten f\u00fcr dieses Ger\u00e4t liegen bei ca. 12,00 Euro (z.B. bei Amazon).<\/p>\n","protected":false},"excerpt":{"rendered":"<p>F\u00fcr meinen Fileserver, den ich mit dem Pi aufgebaut habe brauchte ich einen aktiven USB-Hub, um erfolgreich USB-Festplatten nutzen zu k\u00f6nnen. Das liegt nat\u00fcrlich daran, dass der Pi keine M\u00f6glichkeit hat, USB-Ger\u00e4te wie Festplatten mit ausreichend Strom zu versorgen. Da ich jedoch nicht auch noch eine Steckdosenleiste f\u00fcr zwei Netzteile anschlie\u00dfen wollte bin ich schnell &#8230;<\/p>\n<p><a href=\"https:\/\/c64-online.com\/?page_id=143\" class=\"more-link\">Continue reading &lsquo;USB-Hub und Stromversorgung&rsquo; &raquo;<\/a><\/p>\n","protected":false},"author":1,"featured_media":0,"parent":113,"menu_order":0,"comment_status":"open","ping_status":"open","template":"","meta":{"footnotes":""},"class_list":["post-143","page","type-page","status-publish","hentry"],"_links":{"self":[{"href":"https:\/\/c64-online.com\/index.php?rest_route=\/wp\/v2\/pages\/143","targetHints":{"allow":["GET"]}}],"collection":[{"href":"https:\/\/c64-online.com\/index.php?rest_route=\/wp\/v2\/pages"}],"about":[{"href":"https:\/\/c64-online.com\/index.php?rest_route=\/wp\/v2\/types\/page"}],"author":[{"embeddable":true,"href":"https:\/\/c64-online.com\/index.php?rest_route=\/wp\/v2\/users\/1"}],"replies":[{"embeddable":true,"href":"https:\/\/c64-online.com\/index.php?rest_route=%2Fwp%2Fv2%2Fcomments&post=143"}],"version-history":[{"count":2,"href":"https:\/\/c64-online.com\/index.php?rest_route=\/wp\/v2\/pages\/143\/revisions"}],"predecessor-version":[{"id":413,"href":"https:\/\/c64-online.com\/index.php?rest_route=\/wp\/v2\/pages\/143\/revisions\/413"}],"up":[{"embeddable":true,"href":"https:\/\/c64-online.com\/index.php?rest_route=\/wp\/v2\/pages\/113"}],"wp:attachment":[{"href":"https:\/\/c64-online.com\/index.php?rest_route=%2Fwp%2Fv2%2Fmedia&parent=143"}],"curies":[{"name":"wp","href":"https:\/\/api.w.org\/{rel}","templated":true}]}}