{"id":122,"date":"2013-11-06T14:02:49","date_gmt":"2013-11-06T12:02:49","guid":{"rendered":"http:\/\/v45836.1blu.de\/?page_id=122"},"modified":"2013-11-06T14:02:49","modified_gmt":"2013-11-06T12:02:49","slug":"grundinstallation","status":"publish","type":"page","link":"https:\/\/c64-online.com\/?page_id=122","title":{"rendered":"Grundinstallation"},"content":{"rendered":"<div>\n<div>F\u00fcr die Grundinstallation und die erste Inbetriebnahme des Raspberry Pi gibt es viele Anleitungen und M\u00f6glichkeiten. Ich w\u00fcrde jedoch die Methode mit der Betriebssystemsammlung &#8222;NOOBS&#8220; vorziehen. Dadurch ergeben sich folgende Vorteile:<\/div>\n<div><\/div>\n<div>1. Die Installation ist schnell und einfach<\/div>\n<div>2. Es wird ein Notfall-Boot installiert<\/div>\n<div>3. Es sind alle m\u00f6glichen Betriebssysteme enthalten<\/div>\n<div><\/div>\n<div><img loading=\"lazy\" decoding=\"async\" class=\"aligncenter\" alt=\"\" src=\"https:\/\/c64-online.com\/files\/Raspberry\/pi.png\" width=\"398\" height=\"302\" \/><\/div>\n<div><\/div>\n<\/div>\n<div>\n<div>Neben dem Pi und einem entsprechenden Netzteil braucht man einerseits eine Tastatur und optional eine Maus sowie einen Bildschirm. Da der Pi einen HDMI- und einen Composite-Video-Anschluss besitzt eignet sich dazu ein Fernseher. Man kann aber auch einfach einen PC-Monitor mit DVI-Anschluss nehmen. Hier gibt es z.B. bei eBay f\u00fcr kleines Geld Adapterkabel mit HDMI und DVI-Stecker. Da das Videosignal hierbei nicht gewandelt werden muss, handelt es sich um ein einfaches Adapterkabel ohne weitere Elektronik.<\/div>\n<div><\/div>\n<div>Besonderer Hinweis zum Netzteil: Der Raspberry Pi sollte mit einem Netzteil mit mindestens 1200 mA betrieben werden. Im Normalfall reicht zwar ein Netzteil mit 1000 mA, aber ich habe bei billigen Netzteilen Probleme mit ausreichender Stromversorgung erlebt. Der Pi bleibt dann gerne mal h\u00e4ngen oder bootet nicht zuverl\u00e4ssig!<\/div>\n<div><\/div>\n<div>Zur Installation brauchen wir nun noch eine SD-Karte. Diese sollte m\u00f6glichst eine Class 10 Karte sein. Allerdings ist hierbei Vorsicht geboten. Es gibt einige Karten, die nicht fehlerfrei funktionieren. Auf dieser Seite findet man eine gut gef\u00fchrte Liste mit getesteten Karten: <a href=\"http:\/\/elinux.org\/RPi_SD_cards#Working_.2F_Non-working_SD_cards\" target=\"_blank\">&gt;&gt; KLICK &lt;&lt;<\/a><\/div>\n<div><\/div>\n<div>Die Installation l\u00e4uft nun in zwei Schritten ab:<\/div>\n<div><\/div>\n<div>1. Die SD-Karte wird auf einem PC bzw. Notebook einfach mit FAT32 formatiert und dann wird das ZIP-Archiv von NOOBS auf die SD-Karte entpackt. Die aktuelle Version von NOOBS findet man hier: <a href=\"http:\/\/www.raspberrypi.org\/downloads\" target=\"_blank\">&gt;&gt; KLICK &lt;&lt;<\/a><\/div>\n<\/div>\n<div><\/div>\n<div>2. Die bespielte SD-Karte wird nun in den Pi eingesteckt und wir schlie\u00dfen eine Tastatur (optional auch eine Maus) und einen Bildschirm an. Dann schalten wir den Pi durch Einstecken des Netzteils ein und nach kurzer Bootzeit erscheint das Auswahlmen\u00fc, welches Betriebssystem auf der Karte installiert werden soll:<\/div>\n<div><\/div>\n<div>\u00a0<img loading=\"lazy\" decoding=\"async\" class=\"aligncenter\" alt=\"\" src=\"https:\/\/c64-online.com\/files\/Raspberry\/noobs13-select.png\" width=\"600\" height=\"502\" \/><\/div>\n<div><\/div>\n<div><\/div>\n<div>M\u00f6chte man mit dem Raspberry entweder als Mini-PC arbeiten oder ihn als Server f\u00fcr verschiedenste Anwendungen (Dateiserver, Hausautomation, Webserver, FTP-Server etc.) nutzen, sollte man sich f\u00fcr &#8222;Raspbian&#8220; entscheiden. Dieses ist eine sehr gut gepflegte und st\u00e4ndig aktualisierte Linux-Version die auf Debain basiert. Daher kann man viele Anleitungen, Tips und Tricks f\u00fcr Debain einfach auf seinen Raspberry Pi \u00fcbertragen.<\/div>\n<div><\/div>\n<div>M\u00f6chte man hingegen einen Multimedia-Player aus seinem Pi machen, der am Fernseher angeschlossen wird und sogar per Fernbedienung bedient werden kann, ist &#8222;RaspBMC&#8220;\u00a0die richtige Wahl.<\/div>\n<div><\/div>\n<div>Die weiteren Betriebssysteme sind f\u00fcr fortgeschrittene Nutzer bzw. solche, die ganz individuelle Anforderungen haben oder gerne eigene Entwicklungen vorantreiben wollen interessant.<\/div>\n<div><\/div>\n<div>Nachdem man sich nun f\u00fcr ein Betriebssystem entschieden hat und auf den Install-Button geklickt hat (oder einfach &#8222;I&#8220; dr\u00fcckt) beginnt die Partitionierung der SD-Karte und die Installation. Dieses dauert ca. 10 Minuten. Im Anschlu\u00df wird dann das Betriebssystem gebootet und es startet der Dialog f\u00fcr die Ersteinrichtung. Diese wird f\u00fcr Raspbian in einem weiteren Kapitel beschrieben.<\/div>\n<div><\/div>\n<div>Wichtig zu erw\u00e4hnen: Durch die Installation mit NOOBS kann man zu Beginn des Bootvorgangs durch dr\u00fccken und halten der Shift-Taste in einen Recovery-Modus gelangen. Hat man sich z.B. sein Betriebssystem zerst\u00f6rt oder durch eine Konfiguration unbrauchbar gemacht, erscheint in diesem Recovery-Modus wieder das Installations-Fenster. Somit muss die SD-Karte nicht wieder neu am PC beschrieben werden!<\/div>\n","protected":false},"excerpt":{"rendered":"<p>F\u00fcr die Grundinstallation und die erste Inbetriebnahme des Raspberry Pi gibt es viele Anleitungen und M\u00f6glichkeiten. Ich w\u00fcrde jedoch die Methode mit der Betriebssystemsammlung &#8222;NOOBS&#8220; vorziehen. Dadurch ergeben sich folgende Vorteile: 1. Die Installation ist schnell und einfach 2. Es wird ein Notfall-Boot installiert 3. Es sind alle m\u00f6glichen Betriebssysteme enthalten Neben dem Pi und &#8230;<\/p>\n<p><a href=\"https:\/\/c64-online.com\/?page_id=122\" class=\"more-link\">Continue reading &lsquo;Grundinstallation&rsquo; &raquo;<\/a><\/p>\n","protected":false},"author":1,"featured_media":0,"parent":111,"menu_order":0,"comment_status":"open","ping_status":"open","template":"","meta":{"footnotes":""},"class_list":["post-122","page","type-page","status-publish","hentry"],"_links":{"self":[{"href":"https:\/\/c64-online.com\/index.php?rest_route=\/wp\/v2\/pages\/122","targetHints":{"allow":["GET"]}}],"collection":[{"href":"https:\/\/c64-online.com\/index.php?rest_route=\/wp\/v2\/pages"}],"about":[{"href":"https:\/\/c64-online.com\/index.php?rest_route=\/wp\/v2\/types\/page"}],"author":[{"embeddable":true,"href":"https:\/\/c64-online.com\/index.php?rest_route=\/wp\/v2\/users\/1"}],"replies":[{"embeddable":true,"href":"https:\/\/c64-online.com\/index.php?rest_route=%2Fwp%2Fv2%2Fcomments&post=122"}],"version-history":[{"count":0,"href":"https:\/\/c64-online.com\/index.php?rest_route=\/wp\/v2\/pages\/122\/revisions"}],"up":[{"embeddable":true,"href":"https:\/\/c64-online.com\/index.php?rest_route=\/wp\/v2\/pages\/111"}],"wp:attachment":[{"href":"https:\/\/c64-online.com\/index.php?rest_route=%2Fwp%2Fv2%2Fmedia&parent=122"}],"curies":[{"name":"wp","href":"https:\/\/api.w.org\/{rel}","templated":true}]}}