{"id":109,"date":"2013-11-06T12:03:38","date_gmt":"2013-11-06T10:03:38","guid":{"rendered":"http:\/\/v45836.1blu.de\/?page_id=109"},"modified":"2013-11-06T12:03:38","modified_gmt":"2013-11-06T10:03:38","slug":"c64-downloads","status":"publish","type":"page","link":"https:\/\/c64-online.com\/?page_id=109","title":{"rendered":"C64-Downloads"},"content":{"rendered":"<p>Im Download-Men\u00fc sind viele Downloads aus dem Bereich Anwendungen in verschiedene Kategorien zusammengesammelt.<\/p>\n<p>Da es im Internet gen\u00fcgend Spielesammlungen gibt, habe ich mich hier ausschlie\u00dflich auf Anwendungen, Tools, Demos etc. beschr\u00e4nkt.<\/p>\n<p>Unten sind noch ein paar Screenshots aufgelistet, was es hier so alles zum Herunterladen gibt.<\/p>\n<p>&nbsp;<\/p>\n<p><img loading=\"lazy\" decoding=\"async\" class=\"aligncenter\" alt=\"\" src=\"https:\/\/c64-online.com\/files\/Screenshots\/Downloads.jpg\" width=\"600\" height=\"440\" \/><\/p>\n","protected":false},"excerpt":{"rendered":"<p>Im Download-Men\u00fc sind viele Downloads aus dem Bereich Anwendungen in verschiedene Kategorien zusammengesammelt. Da es im Internet gen\u00fcgend Spielesammlungen gibt, habe ich mich hier ausschlie\u00dflich auf Anwendungen, Tools, Demos etc. beschr\u00e4nkt. Unten sind noch ein paar Screenshots aufgelistet, was es hier so alles zum Herunterladen gibt. &nbsp;<\/p>\n","protected":false},"author":1,"featured_media":0,"parent":0,"menu_order":3,"comment_status":"open","ping_status":"open","template":"","meta":{"footnotes":""},"class_list":["post-109","page","type-page","status-publish","hentry"],"_links":{"self":[{"href":"https:\/\/c64-online.com\/index.php?rest_route=\/wp\/v2\/pages\/109","targetHints":{"allow":["GET"]}}],"collection":[{"href":"https:\/\/c64-online.com\/index.php?rest_route=\/wp\/v2\/pages"}],"about":[{"href":"https:\/\/c64-online.com\/index.php?rest_route=\/wp\/v2\/types\/page"}],"author":[{"embeddable":true,"href":"https:\/\/c64-online.com\/index.php?rest_route=\/wp\/v2\/users\/1"}],"replies":[{"embeddable":true,"href":"https:\/\/c64-online.com\/index.php?rest_route=%2Fwp%2Fv2%2Fcomments&post=109"}],"version-history":[{"count":0,"href":"https:\/\/c64-online.com\/index.php?rest_route=\/wp\/v2\/pages\/109\/revisions"}],"wp:attachment":[{"href":"https:\/\/c64-online.com\/index.php?rest_route=%2Fwp%2Fv2%2Fmedia&parent=109"}],"curies":[{"name":"wp","href":"https:\/\/api.w.org\/{rel}","templated":true}]}}