{"id":102,"date":"2013-11-06T11:58:55","date_gmt":"2013-11-06T09:58:55","guid":{"rendered":"http:\/\/v45836.1blu.de\/?page_id=102"},"modified":"2013-11-06T11:58:55","modified_gmt":"2013-11-06T09:58:55","slug":"floppy-kopf-schuetzen","status":"publish","type":"page","link":"https:\/\/c64-online.com\/?page_id=102","title":{"rendered":"Floppy-Kopf sch\u00fctzen"},"content":{"rendered":"<div>Eine typische und akustisch nervige Aktion der Floppy ist das Anschlagen des Schreib-\/Lesekopfes beim Formatieren einer Diskette oder bei Lesefehlern. Grund f\u00fcr dieses Anschlagen ist, dass das Laufwerk den Kopf in die Spur 0 fahren will. Leider wei\u00df das Laufwerk nicht, wann es in Spur 0 angekommen ist. Somit wurde einfach ein Anschlag eingebaut und das Laufwerk f\u00e4hrt den Kopf eine bestimmte Zeit zur\u00fcck. Nach x Sekunden wei\u00df das Laufwerk dann, dass der Kopf jetzt auf jeden Fall &#8222;angekommen&#8220; sein muss. Wir wissen das auch, denn wie h\u00f6ren es!<\/p>\n<p>Nun ist dieser Anschlag nicht nur vom Ger\u00e4usch her nervig, sondern auch f\u00fcr die Mechanik nicht sehr schonend und kann \u00fcber einen Zeitraum eine Dejustierung herbeif\u00fchren. Es gibt aber eine M\u00f6glichkeit die Nerven und den Schreib-\/Lesekopf zu schonen.<\/p>\n<p>Daf\u00fcr schrauben wir zun\u00e4chst die Floppy aus (wie das geht, kannst Du auch unter &#8222;Floppy 1541 &#8211; Schreib-\/Lesekopf justieren&#8220; nachlesen. Danach m\u00fcssen wir die Platine der 1541 entfernen, damit wir freie Sicht auf die Mechanik haben. Die Platine ist mit sieben Schrauben (siehe rote Pfeile) befestigt, die wir l\u00f6sen m\u00fcssen:<\/p><\/div>\n<div><\/div>\n<div><img loading=\"lazy\" decoding=\"async\" class=\"aligncenter\" alt=\"\" src=\"https:\/\/c64-online.com\/files\/C64-Dokus\/Anleitungen\/1541_kopfschutz1.jpg\" width=\"239\" height=\"399\" \/><\/div>\n<div><\/div>\n<div>Nun k\u00f6nnen wir vorsichtig die Platine bei Seite legen. ACHTUNG: Es sind mehrere Kabel zwischen Platine und Mechanik verbunden. Nicht abrei\u00dfen!<\/p>\n<p>Jetzt kommen wir gut an die Mechanik und an die Stelle, die wir erreichen wollen: das Anschlagsrad. Dieses Rad hat zwei Sockel, gegen die ein Metallpl\u00e4tchen schl\u00e4gt, wenn der Kopf in Spur 0 oder in Spur 42 angekommen ist. Das Rad ist mit dem Schreib-\/Lesekopf verbunden und dreht sich entsprechend der Kopfbewegungen mit:<\/p><\/div>\n<div><\/div>\n<div><img loading=\"lazy\" decoding=\"async\" class=\"aligncenter\" alt=\"\" src=\"https:\/\/c64-online.com\/files\/C64-Dokus\/Anleitungen\/1541_kopfschutz2.jpg\" width=\"409\" height=\"321\" \/><\/div>\n<div><\/div>\n<div>Jetzt kann man einfach ein kleines St\u00fcck Tesafilm oder besser noch ein St\u00fcck Isolierband gegen die Anschl\u00e4ge kleben. Jedoch bitte nur EINE Lage Klebeband verwenden. Ansonsten w\u00e4re der Kopf nicht mehr in der Spur 0, wenn er anschl\u00e4gt.<\/p>\n<p>Nun kannst Du die Platine wieder vorsichtig einschrauben (die Schrauben hierbei nicht zu fest anziehen!) und das Geh\u00e4use wieder schlie\u00dfen. Fertig. Zum Test kannst Du ja jetzt einmal eine Diskette formatieren.<\/p><\/div>\n","protected":false},"excerpt":{"rendered":"<p>Eine typische und akustisch nervige Aktion der Floppy ist das Anschlagen des Schreib-\/Lesekopfes beim Formatieren einer Diskette oder bei Lesefehlern. Grund f\u00fcr dieses Anschlagen ist, dass das Laufwerk den Kopf in die Spur 0 fahren will. Leider wei\u00df das Laufwerk nicht, wann es in Spur 0 angekommen ist. Somit wurde einfach ein Anschlag eingebaut und &#8230;<\/p>\n<p><a href=\"https:\/\/c64-online.com\/?page_id=102\" class=\"more-link\">Continue reading &lsquo;Floppy-Kopf sch\u00fctzen&rsquo; &raquo;<\/a><\/p>\n","protected":false},"author":1,"featured_media":0,"parent":87,"menu_order":6,"comment_status":"open","ping_status":"open","template":"","meta":{"footnotes":""},"class_list":["post-102","page","type-page","status-publish","hentry"],"_links":{"self":[{"href":"https:\/\/c64-online.com\/index.php?rest_route=\/wp\/v2\/pages\/102","targetHints":{"allow":["GET"]}}],"collection":[{"href":"https:\/\/c64-online.com\/index.php?rest_route=\/wp\/v2\/pages"}],"about":[{"href":"https:\/\/c64-online.com\/index.php?rest_route=\/wp\/v2\/types\/page"}],"author":[{"embeddable":true,"href":"https:\/\/c64-online.com\/index.php?rest_route=\/wp\/v2\/users\/1"}],"replies":[{"embeddable":true,"href":"https:\/\/c64-online.com\/index.php?rest_route=%2Fwp%2Fv2%2Fcomments&post=102"}],"version-history":[{"count":0,"href":"https:\/\/c64-online.com\/index.php?rest_route=\/wp\/v2\/pages\/102\/revisions"}],"up":[{"embeddable":true,"href":"https:\/\/c64-online.com\/index.php?rest_route=\/wp\/v2\/pages\/87"}],"wp:attachment":[{"href":"https:\/\/c64-online.com\/index.php?rest_route=%2Fwp%2Fv2%2Fmedia&parent=102"}],"curies":[{"name":"wp","href":"https:\/\/api.w.org\/{rel}","templated":true}]}}