{"id":100,"date":"2013-11-06T11:58:17","date_gmt":"2013-11-06T09:58:17","guid":{"rendered":"http:\/\/v45836.1blu.de\/?page_id=100"},"modified":"2013-11-06T11:58:17","modified_gmt":"2013-11-06T09:58:17","slug":"floppy-id-einstellen","status":"publish","type":"page","link":"https:\/\/c64-online.com\/?page_id=100","title":{"rendered":"Floppy-ID einstellen"},"content":{"rendered":"<div>Ein Problem der Floppy 1541-I ist es, dass die voreinstellte Ger\u00e4teadresse &#8222;8&#8220; nicht so einfach ge\u00e4ndert werden kann. Hierzu gibt es auf der Platine der Floppy zwei L\u00f6tbr\u00fccken, die getrennt werden k\u00f6nnen:<\/div>\n<div><\/div>\n<div><img loading=\"lazy\" decoding=\"async\" class=\"aligncenter\" alt=\"\" src=\"https:\/\/c64-online.com\/files\/C64-Dokus\/Anleitungen\/1541_adressschalter.jpg\" width=\"410\" height=\"324\" \/><\/div>\n<div><\/div>\n<div>Das obere Bild zeigt die g\u00e4ngige, braune Version der 1541. Unten sieht man den Platinenausschnitt des Vorg\u00e4ngers, der VC-1541 (die hell-beige Version).<\/div>\n<div><\/div>\n<div><img loading=\"lazy\" decoding=\"async\" class=\"aligncenter\" alt=\"\" src=\"https:\/\/c64-online.com\/files\/C64-Dokus\/Anleitungen\/1541alt_adressschalter.jpg\" width=\"395\" height=\"495\" \/><\/div>\n<div><\/div>\n<div>Die untere L\u00f6tbr\u00fccke (an der auf dem Foto das Kabel angel\u00f6tet ist) steht f\u00fcr das Low-Bit der Adresse, die obere f\u00fcr das High-Bit. Die Adressen werden wie folgt eingestellt:<\/p>\n<p>Low-Bit geschlossen, High-Bit geschlossen: Ger\u00e4teadresse 8<br \/>\nLow-Bit offen, High-Bit geschlossen: Ger\u00e4teadresse 9<br \/>\nLow-Bit geschlossen, High-Bit offen: Ger\u00e4teadresse 10<br \/>\nLow-Bit offen, High-Bit offen: Ger\u00e4teadresse 11<\/p>\n<p>Flexibler ist es nat\u00fcrlich, beide Br\u00fccken zu \u00f6ffnen (z.B. vorsichtig mit einem Cutter) und zwei Schalter anzul\u00f6ten. Auf dem Foto oben sieht man, dass ein Schalter angel\u00f6tet wurde. Die obere L\u00f6tbr\u00fccke ist geschlossen. Somit kann man also mit dem Schalter zwischen Adresse 8 und 9 umschalten.<\/p>\n<p>Vor dem Umschalten der Ger\u00e4teadresse sollte jedoch die Floppy abgeschaltet werden.<\/p><\/div>\n","protected":false},"excerpt":{"rendered":"<p>Ein Problem der Floppy 1541-I ist es, dass die voreinstellte Ger\u00e4teadresse &#8222;8&#8220; nicht so einfach ge\u00e4ndert werden kann. Hierzu gibt es auf der Platine der Floppy zwei L\u00f6tbr\u00fccken, die getrennt werden k\u00f6nnen: Das obere Bild zeigt die g\u00e4ngige, braune Version der 1541. Unten sieht man den Platinenausschnitt des Vorg\u00e4ngers, der VC-1541 (die hell-beige Version). Die &#8230;<\/p>\n<p><a href=\"https:\/\/c64-online.com\/?page_id=100\" class=\"more-link\">Continue reading &lsquo;Floppy-ID einstellen&rsquo; &raquo;<\/a><\/p>\n","protected":false},"author":1,"featured_media":0,"parent":87,"menu_order":5,"comment_status":"open","ping_status":"open","template":"","meta":{"footnotes":""},"class_list":["post-100","page","type-page","status-publish","hentry"],"_links":{"self":[{"href":"https:\/\/c64-online.com\/index.php?rest_route=\/wp\/v2\/pages\/100","targetHints":{"allow":["GET"]}}],"collection":[{"href":"https:\/\/c64-online.com\/index.php?rest_route=\/wp\/v2\/pages"}],"about":[{"href":"https:\/\/c64-online.com\/index.php?rest_route=\/wp\/v2\/types\/page"}],"author":[{"embeddable":true,"href":"https:\/\/c64-online.com\/index.php?rest_route=\/wp\/v2\/users\/1"}],"replies":[{"embeddable":true,"href":"https:\/\/c64-online.com\/index.php?rest_route=%2Fwp%2Fv2%2Fcomments&post=100"}],"version-history":[{"count":0,"href":"https:\/\/c64-online.com\/index.php?rest_route=\/wp\/v2\/pages\/100\/revisions"}],"up":[{"embeddable":true,"href":"https:\/\/c64-online.com\/index.php?rest_route=\/wp\/v2\/pages\/87"}],"wp:attachment":[{"href":"https:\/\/c64-online.com\/index.php?rest_route=%2Fwp%2Fv2%2Fmedia&parent=100"}],"curies":[{"name":"wp","href":"https:\/\/api.w.org\/{rel}","templated":true}]}}